{"id":2671,"date":"2022-03-29T16:43:19","date_gmt":"2022-03-29T15:43:19","guid":{"rendered":"https:\/\/cuartetoiberia.com\/media\/multimedia\/"},"modified":"2026-03-01T09:12:52","modified_gmt":"2026-03-01T08:12:52","slug":"multimedia","status":"publish","type":"page","link":"https:\/\/cuartetoiberia.com\/de\/media\/multimedia\/","title":{"rendered":"Multimedia"},"content":{"rendered":"\t\t<div data-elementor-type=\"wp-page\" data-elementor-id=\"2671\" class=\"elementor elementor-2671 elementor-1020\" data-elementor-post-type=\"page\">\n\t\t\t\t\t\t<section class=\"elementor-section elementor-top-section elementor-element elementor-element-9152770 elementor-section-boxed elementor-section-height-default elementor-section-height-default\" data-id=\"9152770\" data-element_type=\"section\" data-e-type=\"section\">\n\t\t\t\t\t\t<div class=\"elementor-container elementor-column-gap-default\">\n\t\t\t\t\t<div class=\"elementor-column elementor-col-100 elementor-top-column elementor-element elementor-element-b02b53b\" data-id=\"b02b53b\" data-element_type=\"column\" data-e-type=\"column\">\n\t\t\t<div class=\"elementor-widget-wrap elementor-element-populated\">\n\t\t\t\t\t\t<div class=\"elementor-element elementor-element-7901877 elementor-widget elementor-widget-spacer\" data-id=\"7901877\" data-element_type=\"widget\" data-e-type=\"widget\" data-widget_type=\"spacer.default\">\n\t\t\t\t<div class=\"elementor-widget-container\">\n\t\t\t\t\t\t\t<div class=\"elementor-spacer\">\n\t\t\t<div class=\"elementor-spacer-inner\"><\/div>\n\t\t<\/div>\n\t\t\t\t\t\t<\/div>\n\t\t\t\t<\/div>\n\t\t\t\t\t<\/div>\n\t\t<\/div>\n\t\t\t\t\t<\/div>\n\t\t<\/section>\n\t\t\t\t<section class=\"elementor-section elementor-top-section elementor-element elementor-element-3f4f28f elementor-section-boxed elementor-section-height-default elementor-section-height-default\" data-id=\"3f4f28f\" data-element_type=\"section\" data-e-type=\"section\">\n\t\t\t\t\t\t<div class=\"elementor-container elementor-column-gap-default\">\n\t\t\t\t\t<div class=\"elementor-column elementor-col-100 elementor-top-column elementor-element elementor-element-a74c665\" data-id=\"a74c665\" data-element_type=\"column\" data-e-type=\"column\">\n\t\t\t<div class=\"elementor-widget-wrap elementor-element-populated\">\n\t\t\t\t\t\t<div class=\"elementor-element elementor-element-4e2b6f7 elementor-widget elementor-widget-heading\" data-id=\"4e2b6f7\" data-element_type=\"widget\" data-e-type=\"widget\" data-widget_type=\"heading.default\">\n\t\t\t\t<div class=\"elementor-widget-container\">\n\t\t\t\t\t<h1 class=\"elementor-heading-title elementor-size-default\">Videos<\/h1>\t\t\t\t<\/div>\n\t\t\t\t<\/div>\n\t\t\t\t<div class=\"elementor-element elementor-element-93c2b36 bdt-show-arrows-always-yes elementor-widget elementor-widget-bdt-video-gallery\" data-id=\"93c2b36\" data-element_type=\"widget\" data-e-type=\"widget\" data-widget_type=\"bdt-video-gallery.default\">\n\t\t\t\t<div class=\"elementor-widget-container\">\n\t\t\t\t\t\t\t\t\t<div class=\"bdt-video-gallery rvs-container rvs-flat-circle-play rvs-show-play-on-hover rvs-continuous-play\">\n\t\t\t\t\t<div class=\"rvs-item-container\">\n\t\t\t\t\t\t<div class=\"rvs-item-stage\">\n\t\t\t\t\t\t\t\t\t<!-- items go here -->\n\t\t\t<div class=\"rvs-item\" style=\"background-image: url(https:\/\/img.youtube.com\/vi\/m4hEKWwCItw\/maxresdefault.jpg)\">\n\n\t\t\t\t\t\t\t\t\t<div class=\"rvs-item-text\">\n\n\t\t\t\t\t\t\t\t\t\t\t\t\t<h2 class=\"bdt-vg-video-title\">Variaciones Goldberg<\/h2>\n\t\t\t\t\t\t\n\t\t\t\t\t\t\n\t\t\t\t\t<\/div>\n\t\t\t\t\n\t\t\t\t<a href=\"https:\/\/www.youtube.com\/watch?v=m4hEKWwCItw\" class=\"rvs-play-video\" target=\"_blank\" rel=\"noopener\"><\/a>\n\t\t\t<\/div>\n\n\t\t\t\t\t<!-- items go here -->\n\t\t\t<div class=\"rvs-item\" style=\"background-image: url(https:\/\/img.youtube.com\/vi\/SLIQvcAsHCk\/maxresdefault.jpg)\">\n\n\t\t\t\t\t\t\t\t\t<div class=\"rvs-item-text\">\n\n\t\t\t\t\t\t\t\t\t\t\t\t\t<h2 class=\"bdt-vg-video-title\">J\u00f3venes maestros de la cuerda<\/h2>\n\t\t\t\t\t\t\n\t\t\t\t\t\t\n\t\t\t\t\t<\/div>\n\t\t\t\t\n\t\t\t\t<a href=\"https:\/\/www.youtube.com\/watch?v=SLIQvcAsHCk\" class=\"rvs-play-video\" target=\"_blank\" rel=\"noopener\"><\/a>\n\t\t\t<\/div>\n\n\t\t\n\n\t\t<\/div>\n\t\t<\/div>\n\n\t\t\t\t\t<div class=\"rvs-nav-container\">\n\t\t\t\t<a class=\"rvs-nav-prev\"><\/a>\n\t\t\t\t<div class=\"rvs-nav-stage\">\n\n\t\t\t\t\t\t\t\t\t\t\t<!-- nav items go here -->\n\t\t\t\t\t\t<a class=\"rvs-nav-item\">\n\n\t\t\t\t\t\t\t\t\t\t\t\t\t\t\t<span class=\"rvs-nav-item-thumb\" style=\"background-image: url(https:\/\/img.youtube.com\/vi\/m4hEKWwCItw\/default.jpg)\"><\/span>\n\t\t\t\t\t\t\t\n\t\t\t\t\t\t\t\t\t\t\t\t\t\t\t<h4 class=\"rvs-nav-item-title\" title=\"Variaciones Goldberg\">Variaciones Goldberg<\/h4>\n\t\t\t\t\t\t\t\n\t\t\t\t\t\t\t\t\t\t\t\t\t\t\t<div class=\"rvs-nav-item-credits\" title=\"Abril 2025 - SMR de Cuenca\">Abril 2025 - SMR de Cuenca<\/div>\n\t\t\t\t\t\t\t\t\t\t\t\t\t<\/a>\n\n\t\t\t\t\t\t\t\t\t\t\t<!-- nav items go here -->\n\t\t\t\t\t\t<a class=\"rvs-nav-item\">\n\n\t\t\t\t\t\t\t\t\t\t\t\t\t\t\t<span class=\"rvs-nav-item-thumb\" style=\"background-image: url(https:\/\/img.youtube.com\/vi\/SLIQvcAsHCk\/default.jpg)\"><\/span>\n\t\t\t\t\t\t\t\n\t\t\t\t\t\t\t\t\t\t\t\t\t\t\t<h4 class=\"rvs-nav-item-title\" title=\"J\u00f3venes maestros de la cuerda\">J\u00f3venes maestros de la cuerda<\/h4>\n\t\t\t\t\t\t\t\n\t\t\t\t\t\t\t\t\t\t\t\t\t\t\t<div class=\"rvs-nav-item-credits\" title=\"Octubre 2023 - \nRadiotelevisi\u00f3n del Principado de Asturias\">Octubre 2023 - \nRadiotelevisi\u00f3n del Principado de Asturias<\/div>\n\t\t\t\t\t\t\t\t\t\t\t\t\t<\/a>\n\n\t\t\t\t\t\n\t\t\t\t\t\t\t\t\t\t<\/div>\n\t\t\t\t\t\t<a class=\"rvs-nav-next\"><\/a>\n\t\t\t\t\t<\/div>\n\t\t\t\t<\/div>\n\t\t\t\t\t\t<\/div>\n\t\t\t\t<\/div>\n\t\t\t\t<div class=\"elementor-element elementor-element-fc2d18c elementor-widget elementor-widget-spacer\" data-id=\"fc2d18c\" data-element_type=\"widget\" data-e-type=\"widget\" data-widget_type=\"spacer.default\">\n\t\t\t\t<div class=\"elementor-widget-container\">\n\t\t\t\t\t\t\t<div class=\"elementor-spacer\">\n\t\t\t<div class=\"elementor-spacer-inner\"><\/div>\n\t\t<\/div>\n\t\t\t\t\t\t<\/div>\n\t\t\t\t<\/div>\n\t\t\t\t\t<\/div>\n\t\t<\/div>\n\t\t\t\t\t<\/div>\n\t\t<\/section>\n\t\t\t\t<section class=\"elementor-section elementor-top-section elementor-element elementor-element-696a72a elementor-section-boxed elementor-section-height-default elementor-section-height-default\" data-id=\"696a72a\" data-element_type=\"section\" data-e-type=\"section\">\n\t\t\t\t\t\t<div class=\"elementor-container elementor-column-gap-default\">\n\t\t\t\t\t<div class=\"elementor-column elementor-col-100 elementor-top-column elementor-element elementor-element-6ea06bb\" data-id=\"6ea06bb\" data-element_type=\"column\" data-e-type=\"column\">\n\t\t\t<div class=\"elementor-widget-wrap elementor-element-populated\">\n\t\t\t\t\t\t<div class=\"elementor-element elementor-element-9db9e59 elementor-widget elementor-widget-heading\" data-id=\"9db9e59\" data-element_type=\"widget\" data-e-type=\"widget\" data-widget_type=\"heading.default\">\n\t\t\t\t<div class=\"elementor-widget-container\">\n\t\t\t\t\t<h1 class=\"elementor-heading-title elementor-size-default\">Audios<\/h1>\t\t\t\t<\/div>\n\t\t\t\t<\/div>\n\t\t\t\t\t<\/div>\n\t\t<\/div>\n\t\t\t\t\t<\/div>\n\t\t<\/section>\n\t\t\t\t<section class=\"elementor-section elementor-top-section elementor-element elementor-element-646fdd6 elementor-section-boxed elementor-section-height-default elementor-section-height-default\" data-id=\"646fdd6\" data-element_type=\"section\" data-e-type=\"section\">\n\t\t\t\t\t\t<div class=\"elementor-container elementor-column-gap-default\">\n\t\t\t\t\t<div class=\"elementor-column elementor-col-100 elementor-top-column elementor-element elementor-element-5addcd9\" data-id=\"5addcd9\" data-element_type=\"column\" data-e-type=\"column\">\n\t\t\t<div class=\"elementor-widget-wrap elementor-element-populated\">\n\t\t\t\t\t\t<div class=\"elementor-element elementor-element-42eb11a elementor-widget elementor-widget-spacer\" data-id=\"42eb11a\" data-element_type=\"widget\" data-e-type=\"widget\" data-widget_type=\"spacer.default\">\n\t\t\t\t<div class=\"elementor-widget-container\">\n\t\t\t\t\t\t\t<div class=\"elementor-spacer\">\n\t\t\t<div class=\"elementor-spacer-inner\"><\/div>\n\t\t<\/div>\n\t\t\t\t\t\t<\/div>\n\t\t\t\t<\/div>\n\t\t\t\t\t<\/div>\n\t\t<\/div>\n\t\t\t\t\t<\/div>\n\t\t<\/section>\n\t\t\t\t<\/div>\n\t\t","protected":false},"excerpt":{"rendered":"<p>Videos Variaciones Goldberg J\u00f3venes maestros de la cuerda Variaciones Goldberg Abril 2025 &#8211; SMR de Cuenca J\u00f3venes maestros de la cuerda Octubre 2023 &#8211; Radiotelevisi\u00f3n del Principado de Asturias Audios<\/p>\n","protected":false},"author":1,"featured_media":0,"parent":2667,"menu_order":0,"comment_status":"closed","ping_status":"closed","template":"","meta":{"_acf_changed":false,"footnotes":""},"class_list":["post-2671","page","type-page","status-publish"],"acf":[],"publishpress_future_action":{"enabled":false,"date":"2026-04-12 22:29:19","action":"change-status","newStatus":"draft","terms":[],"taxonomy":"translation_priority"},"publishpress_future_workflow_manual_trigger":{"enabledWorkflows":[]},"_links":{"self":[{"href":"https:\/\/cuartetoiberia.com\/de\/wp-json\/wp\/v2\/pages\/2671","targetHints":{"allow":["GET"]}}],"collection":[{"href":"https:\/\/cuartetoiberia.com\/de\/wp-json\/wp\/v2\/pages"}],"about":[{"href":"https:\/\/cuartetoiberia.com\/de\/wp-json\/wp\/v2\/types\/page"}],"author":[{"embeddable":true,"href":"https:\/\/cuartetoiberia.com\/de\/wp-json\/wp\/v2\/users\/1"}],"replies":[{"embeddable":true,"href":"https:\/\/cuartetoiberia.com\/de\/wp-json\/wp\/v2\/comments?post=2671"}],"version-history":[{"count":5,"href":"https:\/\/cuartetoiberia.com\/de\/wp-json\/wp\/v2\/pages\/2671\/revisions"}],"predecessor-version":[{"id":4451,"href":"https:\/\/cuartetoiberia.com\/de\/wp-json\/wp\/v2\/pages\/2671\/revisions\/4451"}],"up":[{"embeddable":true,"href":"https:\/\/cuartetoiberia.com\/de\/wp-json\/wp\/v2\/pages\/2667"}],"wp:attachment":[{"href":"https:\/\/cuartetoiberia.com\/de\/wp-json\/wp\/v2\/media?parent=2671"}],"curies":[{"name":"wp","href":"https:\/\/api.w.org\/{rel}","templated":true}]}}