{"id":2645,"date":"2022-04-11T16:21:26","date_gmt":"2022-04-11T15:21:26","guid":{"rendered":"https:\/\/cuartetoiberia.com\/residence\/"},"modified":"2025-03-15T16:41:45","modified_gmt":"2025-03-15T15:41:45","slug":"residence","status":"publish","type":"page","link":"https:\/\/cuartetoiberia.com\/de\/residence\/","title":{"rendered":"Residence"},"content":{"rendered":"\t\t<div data-elementor-type=\"wp-page\" data-elementor-id=\"2645\" class=\"elementor elementor-2645 elementor-1084\" data-elementor-post-type=\"page\">\n\t\t\t\t\t\t<section class=\"elementor-section elementor-top-section elementor-element elementor-element-39f6fee6 elementor-section-full_width elementor-section-height-default elementor-section-height-default\" data-id=\"39f6fee6\" data-element_type=\"section\" data-e-type=\"section\">\n\t\t\t\t\t\t<div class=\"elementor-container elementor-column-gap-default\">\n\t\t\t\t\t<div class=\"elementor-column elementor-col-100 elementor-top-column elementor-element elementor-element-f2b6604\" data-id=\"f2b6604\" data-element_type=\"column\" data-e-type=\"column\">\n\t\t\t<div class=\"elementor-widget-wrap elementor-element-populated\">\n\t\t\t\t\t\t<div class=\"elementor-element elementor-element-48c1cd11 elementor-widget elementor-widget-image\" data-id=\"48c1cd11\" data-element_type=\"widget\" data-e-type=\"widget\" data-widget_type=\"image.default\">\n\t\t\t\t<div class=\"elementor-widget-container\">\n\t\t\t\t\t\t\t\t\t\t\t\t\t\t\t<img fetchpriority=\"high\" decoding=\"async\" width=\"1086\" height=\"815\" src=\"https:\/\/cuartetoiberia.com\/wp-content\/uploads\/2022\/04\/museo-lazaro-galdiano-cuarteto-iberia.jpg\" class=\"attachment-full size-full wp-image-1476\" alt=\"\" srcset=\"https:\/\/cuartetoiberia.com\/wp-content\/uploads\/2022\/04\/museo-lazaro-galdiano-cuarteto-iberia.jpg 1086w, https:\/\/cuartetoiberia.com\/wp-content\/uploads\/2022\/04\/museo-lazaro-galdiano-cuarteto-iberia-300x225.jpg 300w, https:\/\/cuartetoiberia.com\/wp-content\/uploads\/2022\/04\/museo-lazaro-galdiano-cuarteto-iberia-1024x768.jpg 1024w, https:\/\/cuartetoiberia.com\/wp-content\/uploads\/2022\/04\/museo-lazaro-galdiano-cuarteto-iberia-768x576.jpg 768w\" sizes=\"(max-width: 1086px) 100vw, 1086px\" \/>\t\t\t\t\t\t\t\t\t\t\t\t\t\t\t<\/div>\n\t\t\t\t<\/div>\n\t\t\t\t\t<\/div>\n\t\t<\/div>\n\t\t\t\t\t<\/div>\n\t\t<\/section>\n\t\t\t\t<section class=\"elementor-section elementor-top-section elementor-element elementor-element-5252d9db elementor-section-height-min-height elementor-section-items-stretch elementor-section-boxed elementor-section-height-default\" data-id=\"5252d9db\" data-element_type=\"section\" data-e-type=\"section\" data-settings=\"{&quot;background_background&quot;:&quot;classic&quot;,&quot;motion_fx_motion_fx_scrolling&quot;:&quot;yes&quot;,&quot;motion_fx_translateY_effect&quot;:&quot;yes&quot;,&quot;motion_fx_translateY_speed&quot;:{&quot;unit&quot;:&quot;px&quot;,&quot;size&quot;:&quot;2&quot;,&quot;sizes&quot;:[]},&quot;motion_fx_translateY_affectedRange&quot;:{&quot;unit&quot;:&quot;%&quot;,&quot;size&quot;:&quot;&quot;,&quot;sizes&quot;:{&quot;start&quot;:&quot;0&quot;,&quot;end&quot;:&quot;50&quot;}},&quot;motion_fx_devices&quot;:[&quot;desktop&quot;,&quot;tablet&quot;,&quot;mobile&quot;]}\">\n\t\t\t\t\t\t<div class=\"elementor-container elementor-column-gap-default\">\n\t\t\t\t\t<div class=\"elementor-column elementor-col-100 elementor-top-column elementor-element elementor-element-2fb3c178\" data-id=\"2fb3c178\" data-element_type=\"column\" data-e-type=\"column\" data-settings=\"{&quot;background_background&quot;:&quot;classic&quot;}\">\n\t\t\t<div class=\"elementor-widget-wrap elementor-element-populated\">\n\t\t\t\t\t\t<div class=\"elementor-element elementor-element-2833b507 elementor-widget-divider--separator-type-pattern elementor-widget-divider--view-line elementor-widget elementor-widget-divider\" data-id=\"2833b507\" data-element_type=\"widget\" data-e-type=\"widget\" data-widget_type=\"divider.default\">\n\t\t\t\t<div class=\"elementor-widget-container\">\n\t\t\t\t\t\t\t<div class=\"elementor-divider\" style=\"--divider-pattern-url: url(&quot;data:image\/svg+xml,%3Csvg xmlns=&#039;http:\/\/www.w3.org\/2000\/svg&#039; preserveAspectRatio=&#039;none&#039; overflow=&#039;visible&#039; height=&#039;100%&#039; viewBox=&#039;0 0 20 16&#039; fill=&#039;none&#039; stroke=&#039;black&#039; stroke-width=&#039;2.2&#039; stroke-linecap=&#039;square&#039; stroke-miterlimit=&#039;10&#039;%3E%3Cg transform=&#039;translate(-12.000000, 0)&#039;%3E%3Cpath d=&#039;M28,0L10,18&#039;\/%3E%3Cpath d=&#039;M18,0L0,18&#039;\/%3E%3Cpath d=&#039;M48,0L30,18&#039;\/%3E%3Cpath d=&#039;M38,0L20,18&#039;\/%3E%3C\/g%3E%3C\/svg%3E&quot;);\">\n\t\t\t<span class=\"elementor-divider-separator\">\n\t\t\t\t\t\t<\/span>\n\t\t<\/div>\n\t\t\t\t\t\t<\/div>\n\t\t\t\t<\/div>\n\t\t\t\t<div class=\"elementor-element elementor-element-6a7f93c4 elementor-widget elementor-widget-icon-box\" data-id=\"6a7f93c4\" data-element_type=\"widget\" data-e-type=\"widget\" data-widget_type=\"icon-box.default\">\n\t\t\t\t<div class=\"elementor-widget-container\">\n\t\t\t\t\t\t\t<div class=\"elementor-icon-box-wrapper\">\n\n\t\t\t\n\t\t\t\t\t\t<div class=\"elementor-icon-box-content\">\n\n\t\t\t\t\t\t\t\t\t<h3 class=\"elementor-icon-box-title\">\n\t\t\t\t\t\t<span  >\n\t\t\t\t\t\t\tDas Cuarteto Iberia ist das \"Quartet in Residence\" des Museo L\u00e1zaro Galdiano in Madrid.\t\t\t\t\t\t<\/span>\n\t\t\t\t\t<\/h3>\n\t\t\t\t\n\t\t\t\t\t\t\t\t\t<p class=\"elementor-icon-box-description\">\n\t\t\t\t\t\tSeit Februar 2022 entwickelt die Iberia Cuarteto ihre k\u00fcnstlerische T\u00e4tigkeit weiter\neines Traumraums, der jede Saison eine Reihe von Konzerten bietet,\nBildungskonzerte und interdisziplin\u00e4re Aktivit\u00e4ten, die Musik verbinden\nmit dem kulturellen Angebot des Museums.\t\t\t\t\t<\/p>\n\t\t\t\t\n\t\t\t<\/div>\n\t\t\t\n\t\t<\/div>\n\t\t\t\t\t\t<\/div>\n\t\t\t\t<\/div>\n\t\t\t\t\t<\/div>\n\t\t<\/div>\n\t\t\t\t\t<\/div>\n\t\t<\/section>\n\t\t\t\t<section class=\"elementor-section elementor-top-section elementor-element elementor-element-20e6e0a elementor-section-boxed elementor-section-height-default elementor-section-height-default\" data-id=\"20e6e0a\" data-element_type=\"section\" data-e-type=\"section\">\n\t\t\t\t\t\t<div class=\"elementor-container elementor-column-gap-default\">\n\t\t\t\t\t<div class=\"elementor-column elementor-col-100 elementor-top-column elementor-element elementor-element-e3cfff3\" data-id=\"e3cfff3\" data-element_type=\"column\" data-e-type=\"column\">\n\t\t\t<div class=\"elementor-widget-wrap elementor-element-populated\">\n\t\t\t\t\t\t<div class=\"elementor-element elementor-element-1b29830 elementor-widget elementor-widget-spacer\" data-id=\"1b29830\" data-element_type=\"widget\" data-e-type=\"widget\" data-widget_type=\"spacer.default\">\n\t\t\t\t<div class=\"elementor-widget-container\">\n\t\t\t\t\t\t\t<div class=\"elementor-spacer\">\n\t\t\t<div class=\"elementor-spacer-inner\"><\/div>\n\t\t<\/div>\n\t\t\t\t\t\t<\/div>\n\t\t\t\t<\/div>\n\t\t\t\t\t<\/div>\n\t\t<\/div>\n\t\t\t\t\t<\/div>\n\t\t<\/section>\n\t\t\t\t<section class=\"elementor-section elementor-top-section elementor-element elementor-element-2e02641 elementor-section-full_width elementor-reverse-tablet elementor-section-height-default elementor-section-height-default\" data-id=\"2e02641\" data-element_type=\"section\" data-e-type=\"section\">\n\t\t\t\t\t\t<div class=\"elementor-container elementor-column-gap-no\">\n\t\t\t\t\t<div class=\"elementor-column elementor-col-50 elementor-top-column elementor-element elementor-element-2b363489\" data-id=\"2b363489\" data-element_type=\"column\" data-e-type=\"column\" data-settings=\"{&quot;motion_fx_motion_fx_scrolling&quot;:&quot;yes&quot;,&quot;motion_fx_translateY_effect&quot;:&quot;yes&quot;,&quot;motion_fx_translateY_affectedRange&quot;:{&quot;unit&quot;:&quot;%&quot;,&quot;size&quot;:&quot;&quot;,&quot;sizes&quot;:{&quot;start&quot;:50,&quot;end&quot;:100}},&quot;motion_fx_devices&quot;:[&quot;desktop&quot;,&quot;tablet&quot;],&quot;motion_fx_translateY_speed&quot;:{&quot;unit&quot;:&quot;px&quot;,&quot;size&quot;:4,&quot;sizes&quot;:[]}}\">\n\t\t\t<div class=\"elementor-widget-wrap elementor-element-populated\">\n\t\t\t\t\t\t<div class=\"elementor-element elementor-element-1863d857 animated-fast elementor-widget__width-initial elementor-invisible elementor-widget elementor-widget-text-editor\" data-id=\"1863d857\" data-element_type=\"widget\" data-e-type=\"widget\" data-settings=\"{&quot;_animation&quot;:&quot;fadeIn&quot;,&quot;_animation_delay&quot;:1400}\" data-widget_type=\"text-editor.default\">\n\t\t\t\t<div class=\"elementor-widget-container\">\n\t\t\t\t\t\t\t\t\t<p>Das Betreten eines Museums ist eine Reise in die Vergangenheit. Wer Kammermusik h\u00f6rt, f\u00fchlt sich in eine andere Zeit zur\u00fcckversetzt. <\/p>\t\t\t\t\t\t\t\t<\/div>\n\t\t\t\t<\/div>\n\t\t\t\t\t<\/div>\n\t\t<\/div>\n\t\t\t\t<div class=\"elementor-column elementor-col-50 elementor-top-column elementor-element elementor-element-5a7cb70e\" data-id=\"5a7cb70e\" data-element_type=\"column\" data-e-type=\"column\" data-settings=\"{&quot;motion_fx_translateX_effect&quot;:&quot;yes&quot;,&quot;motion_fx_translateX_direction&quot;:&quot;negative&quot;,&quot;motion_fx_translateX_affectedRange&quot;:{&quot;unit&quot;:&quot;%&quot;,&quot;size&quot;:&quot;&quot;,&quot;sizes&quot;:{&quot;start&quot;:50,&quot;end&quot;:100}},&quot;motion_fx_motion_fx_scrolling&quot;:&quot;yes&quot;,&quot;motion_fx_translateX_speed&quot;:{&quot;unit&quot;:&quot;px&quot;,&quot;size&quot;:4,&quot;sizes&quot;:[]},&quot;motion_fx_devices&quot;:[&quot;desktop&quot;,&quot;tablet&quot;,&quot;mobile&quot;]}\">\n\t\t\t<div class=\"elementor-widget-wrap elementor-element-populated\">\n\t\t\t\t\t\t<div class=\"elementor-element elementor-element-33ab7208 elementor-cta--layout-image-right animated-slow elementor-cta--skin-classic elementor-animated-content elementor-bg-transform elementor-bg-transform-zoom-in elementor-invisible elementor-widget elementor-widget-call-to-action\" data-id=\"33ab7208\" data-element_type=\"widget\" data-e-type=\"widget\" data-settings=\"{&quot;_animation&quot;:&quot;fadeInRight&quot;}\" data-widget_type=\"call-to-action.default\">\n\t\t\t\t<div class=\"elementor-widget-container\">\n\t\t\t\t\t\t\t<div class=\"elementor-cta\">\n\t\t\t\t\t<div class=\"elementor-cta__bg-wrapper\">\n\t\t\t\t<div class=\"elementor-cta__bg elementor-bg\" style=\"background-image: url(https:\/\/cuartetoiberia.com\/wp-content\/uploads\/2025\/03\/MUSEO_05-cuarteto-iberia.webp);\" role=\"img\" aria-label=\"MUSEO_05-cuarteto-iberia\"><\/div>\n\t\t\t\t<div class=\"elementor-cta__bg-overlay\"><\/div>\n\t\t\t<\/div>\n\t\t\t\t\t\t\t\t<\/div>\n\t\t\t\t\t\t<\/div>\n\t\t\t\t<\/div>\n\t\t\t\t\t<\/div>\n\t\t<\/div>\n\t\t\t\t\t<\/div>\n\t\t<\/section>\n\t\t\t\t<section class=\"elementor-section elementor-top-section elementor-element elementor-element-3a48648f elementor-section-content-middle elementor-section-boxed elementor-section-height-default elementor-section-height-default\" data-id=\"3a48648f\" data-element_type=\"section\" data-e-type=\"section\">\n\t\t\t\t\t\t\t<div class=\"elementor-background-overlay\"><\/div>\n\t\t\t\t\t\t\t<div class=\"elementor-container elementor-column-gap-no\">\n\t\t\t\t\t<div class=\"elementor-column elementor-col-100 elementor-top-column elementor-element elementor-element-3b5bfa3e\" data-id=\"3b5bfa3e\" data-element_type=\"column\" data-e-type=\"column\">\n\t\t\t<div class=\"elementor-widget-wrap elementor-element-populated\">\n\t\t\t\t\t\t<div class=\"elementor-element elementor-element-1efed315 elementor-widget elementor-widget-text-editor\" data-id=\"1efed315\" data-element_type=\"widget\" data-e-type=\"widget\" data-widget_type=\"text-editor.default\">\n\t\t\t\t<div class=\"elementor-widget-container\">\n\t\t\t\t\t\t\t\t\tSo entwickeln sie ihre k\u00fcnstlerische T\u00e4tigkeit in einem Traumraum und bieten jede Saison eine Reihe von Konzerten, Bildungskonzerten und weiteren interdisziplin\u00e4ren Aktivit\u00e4ten an, die Musik mit dem kulturellen Angebot des Museums verbinden.\n\nDer Eintritt in ein Museum ist eine Reise in die Vergangenheit. H\u00f6ren Sie Kammermusik\nentf\u00fchrt in eine andere Zeit. Ein Kunstwerk aus Intimit\u00e4t zu betrachten, ist eine\nevokatives \u00e4sthetisches Erlebnis, das uns inspiriert, bewegt und entf\u00fchrt\nandere Sph\u00e4ren. Ist das nicht die Erfahrung, einem Konzert zuzuh\u00f6ren?\nKammermusik? Museumss\u00e4le und Kammermusik teilen sich\neine magische Intimit\u00e4t.    \t\t\t\t\t\t\t\t<\/div>\n\t\t\t\t<\/div>\n\t\t\t\t\t<\/div>\n\t\t<\/div>\n\t\t\t\t\t<\/div>\n\t\t<\/section>\n\t\t\t\t<section class=\"elementor-section elementor-top-section elementor-element elementor-element-1d44dd5d elementor-section-full_width elementor-section-stretched elementor-section-height-default elementor-section-height-default\" data-id=\"1d44dd5d\" data-element_type=\"section\" data-e-type=\"section\" data-settings=\"{&quot;stretch_section&quot;:&quot;section-stretched&quot;}\">\n\t\t\t\t\t\t<div class=\"elementor-container elementor-column-gap-no\">\n\t\t\t\t\t<div class=\"elementor-column elementor-col-100 elementor-top-column elementor-element elementor-element-f8ccec\" data-id=\"f8ccec\" data-element_type=\"column\" data-e-type=\"column\">\n\t\t\t<div class=\"elementor-widget-wrap elementor-element-populated\">\n\t\t\t\t\t\t<div class=\"elementor-element elementor-element-44635c7 ep-parallax-effects-yes elementor-widget elementor-widget-image\" data-id=\"44635c7\" data-element_type=\"widget\" data-e-type=\"widget\" data-settings=\"{&quot;ep_parallax_effects_show&quot;:&quot;yes&quot;,&quot;ep_parallax_effects_scale&quot;:&quot;yes&quot;,&quot;ep_parallax_effects_scale_start&quot;:{&quot;unit&quot;:&quot;px&quot;,&quot;size&quot;:0.9,&quot;sizes&quot;:[]},&quot;ep_parallax_effects_scale_end&quot;:{&quot;unit&quot;:&quot;px&quot;,&quot;size&quot;:1.1,&quot;sizes&quot;:[]},&quot;motion_fx_motion_fx_scrolling&quot;:&quot;yes&quot;,&quot;ep_parallax_effects_rotate_start&quot;:{&quot;unit&quot;:&quot;px&quot;,&quot;size&quot;:&quot;&quot;,&quot;sizes&quot;:[]},&quot;ep_parallax_effects_rotate_end&quot;:{&quot;unit&quot;:&quot;px&quot;,&quot;size&quot;:&quot;&quot;,&quot;sizes&quot;:[]},&quot;ep_parallax_effects_hue_value&quot;:{&quot;unit&quot;:&quot;px&quot;,&quot;size&quot;:&quot;&quot;,&quot;sizes&quot;:[]},&quot;ep_parallax_effects_sepia_value&quot;:{&quot;unit&quot;:&quot;px&quot;,&quot;size&quot;:1,&quot;sizes&quot;:[]},&quot;ep_parallax_effects_easing_value&quot;:{&quot;unit&quot;:&quot;px&quot;,&quot;size&quot;:1,&quot;sizes&quot;:[]},&quot;ep_parallax_effects_target&quot;:&quot;self&quot;,&quot;motion_fx_devices&quot;:[&quot;desktop&quot;,&quot;tablet&quot;,&quot;mobile&quot;]}\" data-widget_type=\"image.default\">\n\t\t\t\t<div class=\"elementor-widget-container\">\n\t\t\t\t\t\t\t\t\t\t\t\t\t\t\t<img decoding=\"async\" width=\"1680\" height=\"1120\" src=\"https:\/\/cuartetoiberia.com\/wp-content\/uploads\/2025\/03\/MUSEO_10-cuarteto-iberia.webp\" class=\"attachment-full size-full wp-image-3970\" alt=\"\" srcset=\"https:\/\/cuartetoiberia.com\/wp-content\/uploads\/2025\/03\/MUSEO_10-cuarteto-iberia.webp 1680w, https:\/\/cuartetoiberia.com\/wp-content\/uploads\/2025\/03\/MUSEO_10-cuarteto-iberia-300x200.webp 300w, https:\/\/cuartetoiberia.com\/wp-content\/uploads\/2025\/03\/MUSEO_10-cuarteto-iberia-1024x683.webp 1024w, https:\/\/cuartetoiberia.com\/wp-content\/uploads\/2025\/03\/MUSEO_10-cuarteto-iberia-768x512.webp 768w, https:\/\/cuartetoiberia.com\/wp-content\/uploads\/2025\/03\/MUSEO_10-cuarteto-iberia-1536x1024.webp 1536w\" sizes=\"(max-width: 1680px) 100vw, 1680px\" \/>\t\t\t\t\t\t\t\t\t\t\t\t\t\t\t<\/div>\n\t\t\t\t<\/div>\n\t\t\t\t\t<\/div>\n\t\t<\/div>\n\t\t\t\t\t<\/div>\n\t\t<\/section>\n\t\t\t\t<section class=\"elementor-section elementor-top-section elementor-element elementor-element-22f3c1c elementor-section-boxed elementor-section-height-default elementor-section-height-default\" data-id=\"22f3c1c\" data-element_type=\"section\" data-e-type=\"section\">\n\t\t\t\t\t\t<div class=\"elementor-container elementor-column-gap-default\">\n\t\t\t\t\t<div class=\"elementor-column elementor-col-50 elementor-top-column elementor-element elementor-element-b3c2e41\" data-id=\"b3c2e41\" data-element_type=\"column\" data-e-type=\"column\">\n\t\t\t<div class=\"elementor-widget-wrap elementor-element-populated\">\n\t\t\t\t\t\t<div class=\"elementor-element elementor-element-455cc5a elementor-widget elementor-widget-image\" data-id=\"455cc5a\" data-element_type=\"widget\" data-e-type=\"widget\" data-widget_type=\"image.default\">\n\t\t\t\t<div class=\"elementor-widget-container\">\n\t\t\t\t\t\t\t\t\t\t\t\t\t\t\t<img decoding=\"async\" width=\"1680\" height=\"1120\" src=\"https:\/\/cuartetoiberia.com\/wp-content\/uploads\/2025\/03\/MUSEO_13-cuarteto-iberia.webp\" class=\"attachment-full size-full wp-image-3973\" alt=\"\" srcset=\"https:\/\/cuartetoiberia.com\/wp-content\/uploads\/2025\/03\/MUSEO_13-cuarteto-iberia.webp 1680w, https:\/\/cuartetoiberia.com\/wp-content\/uploads\/2025\/03\/MUSEO_13-cuarteto-iberia-300x200.webp 300w, https:\/\/cuartetoiberia.com\/wp-content\/uploads\/2025\/03\/MUSEO_13-cuarteto-iberia-1024x683.webp 1024w, https:\/\/cuartetoiberia.com\/wp-content\/uploads\/2025\/03\/MUSEO_13-cuarteto-iberia-768x512.webp 768w, https:\/\/cuartetoiberia.com\/wp-content\/uploads\/2025\/03\/MUSEO_13-cuarteto-iberia-1536x1024.webp 1536w\" sizes=\"(max-width: 1680px) 100vw, 1680px\" \/>\t\t\t\t\t\t\t\t\t\t\t\t\t\t\t<\/div>\n\t\t\t\t<\/div>\n\t\t\t\t\t<\/div>\n\t\t<\/div>\n\t\t\t\t<div class=\"elementor-column elementor-col-50 elementor-top-column elementor-element elementor-element-768b7d0\" data-id=\"768b7d0\" data-element_type=\"column\" data-e-type=\"column\">\n\t\t\t<div class=\"elementor-widget-wrap elementor-element-populated\">\n\t\t\t\t\t\t<div class=\"elementor-element elementor-element-148470f elementor-widget elementor-widget-image\" data-id=\"148470f\" data-element_type=\"widget\" data-e-type=\"widget\" data-widget_type=\"image.default\">\n\t\t\t\t<div class=\"elementor-widget-container\">\n\t\t\t\t\t\t\t\t\t\t\t\t\t\t\t<img loading=\"lazy\" decoding=\"async\" width=\"1680\" height=\"1072\" src=\"https:\/\/cuartetoiberia.com\/wp-content\/uploads\/2025\/03\/MUSEO_03-cuarteto-iberia.webp\" class=\"attachment-full size-full wp-image-3964\" alt=\"\" srcset=\"https:\/\/cuartetoiberia.com\/wp-content\/uploads\/2025\/03\/MUSEO_03-cuarteto-iberia.webp 1680w, https:\/\/cuartetoiberia.com\/wp-content\/uploads\/2025\/03\/MUSEO_03-cuarteto-iberia-300x191.webp 300w, https:\/\/cuartetoiberia.com\/wp-content\/uploads\/2025\/03\/MUSEO_03-cuarteto-iberia-1024x653.webp 1024w, https:\/\/cuartetoiberia.com\/wp-content\/uploads\/2025\/03\/MUSEO_03-cuarteto-iberia-768x490.webp 768w, https:\/\/cuartetoiberia.com\/wp-content\/uploads\/2025\/03\/MUSEO_03-cuarteto-iberia-1536x980.webp 1536w\" sizes=\"(max-width: 1680px) 100vw, 1680px\" \/>\t\t\t\t\t\t\t\t\t\t\t\t\t\t\t<\/div>\n\t\t\t\t<\/div>\n\t\t\t\t\t<\/div>\n\t\t<\/div>\n\t\t\t\t\t<\/div>\n\t\t<\/section>\n\t\t\t\t<section class=\"elementor-section elementor-top-section elementor-element elementor-element-ab5d75f elementor-section-boxed elementor-section-height-default elementor-section-height-default\" data-id=\"ab5d75f\" data-element_type=\"section\" data-e-type=\"section\">\n\t\t\t\t\t\t<div class=\"elementor-container elementor-column-gap-default\">\n\t\t\t\t\t<div class=\"elementor-column elementor-col-100 elementor-top-column elementor-element elementor-element-b52b111\" data-id=\"b52b111\" data-element_type=\"column\" data-e-type=\"column\">\n\t\t\t<div class=\"elementor-widget-wrap elementor-element-populated\">\n\t\t\t\t\t\t<div class=\"elementor-element elementor-element-fe4e74c elementor-widget elementor-widget-heading\" data-id=\"fe4e74c\" data-element_type=\"widget\" data-e-type=\"widget\" data-widget_type=\"heading.default\">\n\t\t\t\t<div class=\"elementor-widget-container\">\n\t\t\t\t\t<h2 class=\"elementor-heading-title elementor-size-default\"><a href=\"http:\/\/www.museolazarogaldiano.es\/\" target=\"_blank\" rel=\"noopener\">museolazarogaldiano.es<\/a><\/h2>\t\t\t\t<\/div>\n\t\t\t\t<\/div>\n\t\t\t\t\t<\/div>\n\t\t<\/div>\n\t\t\t\t\t<\/div>\n\t\t<\/section>\n\t\t\t\t<\/div>\n\t\t","protected":false},"excerpt":{"rendered":"<p>Das Cuarteto Iberia ist das &#8222;Quartet in Residence&#8220; des Museo L\u00e1zaro Galdiano in Madrid. Seit Februar 2022 entwickelt die Iberia Cuarteto ihre k\u00fcnstlerische T\u00e4tigkeit weiter eines Traumraums, der jede Saison eine Reihe von Konzerten bietet, Bildungskonzerte und interdisziplin\u00e4re Aktivit\u00e4ten, die Musik verbinden mit dem kulturellen Angebot des Museums. Das Betreten eines Museums ist eine Reise &#8230; <a title=\"Residence\" class=\"read-more\" href=\"https:\/\/cuartetoiberia.com\/de\/residence\/\" aria-label=\"Mehr Informationen \u00fcber Residence\">Leer m\u00e1s<\/a><\/p>\n","protected":false},"author":1,"featured_media":0,"parent":0,"menu_order":0,"comment_status":"closed","ping_status":"closed","template":"","meta":{"_acf_changed":false,"footnotes":""},"class_list":["post-2645","page","type-page","status-publish"],"acf":[],"publishpress_future_action":{"enabled":false,"date":"2026-04-12 21:06:08","action":"change-status","newStatus":"draft","terms":[],"taxonomy":"translation_priority"},"publishpress_future_workflow_manual_trigger":{"enabledWorkflows":[]},"_links":{"self":[{"href":"https:\/\/cuartetoiberia.com\/de\/wp-json\/wp\/v2\/pages\/2645","targetHints":{"allow":["GET"]}}],"collection":[{"href":"https:\/\/cuartetoiberia.com\/de\/wp-json\/wp\/v2\/pages"}],"about":[{"href":"https:\/\/cuartetoiberia.com\/de\/wp-json\/wp\/v2\/types\/page"}],"author":[{"embeddable":true,"href":"https:\/\/cuartetoiberia.com\/de\/wp-json\/wp\/v2\/users\/1"}],"replies":[{"embeddable":true,"href":"https:\/\/cuartetoiberia.com\/de\/wp-json\/wp\/v2\/comments?post=2645"}],"version-history":[{"count":5,"href":"https:\/\/cuartetoiberia.com\/de\/wp-json\/wp\/v2\/pages\/2645\/revisions"}],"predecessor-version":[{"id":4316,"href":"https:\/\/cuartetoiberia.com\/de\/wp-json\/wp\/v2\/pages\/2645\/revisions\/4316"}],"wp:attachment":[{"href":"https:\/\/cuartetoiberia.com\/de\/wp-json\/wp\/v2\/media?parent=2645"}],"curies":[{"name":"wp","href":"https:\/\/api.w.org\/{rel}","templated":true}]}}