{"id":2641,"date":"2022-03-08T05:30:00","date_gmt":"2022-03-08T04:30:00","guid":{"rendered":"https:\/\/cuartetoiberia.com\/das-quartett\/das-quarttett-aurora-rus\/"},"modified":"2025-03-14T20:08:05","modified_gmt":"2025-03-14T19:08:05","slug":"das-quarttett-mario-oltra","status":"publish","type":"page","link":"https:\/\/cuartetoiberia.com\/de\/das-quartett\/das-quarttett-mario-oltra\/","title":{"rendered":"Das Quarttett &#8211; Mario Oltra"},"content":{"rendered":"\t\t<div data-elementor-type=\"wp-page\" data-elementor-id=\"2641\" class=\"elementor elementor-2641 elementor-442\" data-elementor-post-type=\"page\">\n\t\t\t\t\t\t<section class=\"elementor-section elementor-top-section elementor-element elementor-element-23c91786 elementor-section-full_width elementor-section-stretched elementor-section-height-default elementor-section-height-default\" data-id=\"23c91786\" data-element_type=\"section\" data-e-type=\"section\" data-settings=\"{&quot;stretch_section&quot;:&quot;section-stretched&quot;,&quot;background_background&quot;:&quot;classic&quot;}\">\n\t\t\t\t\t\t<div class=\"elementor-container elementor-column-gap-no\">\n\t\t\t\t\t<div class=\"elementor-column elementor-col-25 elementor-top-column elementor-element elementor-element-6bd332d0\" data-id=\"6bd332d0\" data-element_type=\"column\" data-e-type=\"column\" data-settings=\"{&quot;background_background&quot;:&quot;slideshow&quot;,&quot;background_slideshow_gallery&quot;:[],&quot;background_slideshow_loop&quot;:&quot;yes&quot;,&quot;background_slideshow_slide_duration&quot;:5000,&quot;background_slideshow_slide_transition&quot;:&quot;fade&quot;,&quot;background_slideshow_transition_duration&quot;:500}\">\n\t\t\t<div class=\"elementor-widget-wrap elementor-element-populated\">\n\t\t\t\t\t\t<div class=\"elementor-element elementor-element-7d73cf81 elementor-widget elementor-widget-heading\" data-id=\"7d73cf81\" data-element_type=\"widget\" data-e-type=\"widget\" data-widget_type=\"heading.default\">\n\t\t\t\t<div class=\"elementor-widget-container\">\n\t\t\t\t\t<p class=\"elementor-heading-title elementor-size-default\"><a href=\"https:\/\/cuartetoiberia.com\/de\/das-quartett\/das-quartett-marta-peno\/#martape\u00f1o\">Marta Pe\u00f1o<\/a><\/p>\t\t\t\t<\/div>\n\t\t\t\t<\/div>\n\t\t\t\t<div class=\"elementor-element elementor-element-37517cc4 elementor-widget elementor-widget-heading\" data-id=\"37517cc4\" data-element_type=\"widget\" data-e-type=\"widget\" data-widget_type=\"heading.default\">\n\t\t\t\t<div class=\"elementor-widget-container\">\n\t\t\t\t\t<p class=\"elementor-heading-title elementor-size-default\">Geige<\/p>\t\t\t\t<\/div>\n\t\t\t\t<\/div>\n\t\t\t\t\t<\/div>\n\t\t<\/div>\n\t\t\t\t<div class=\"elementor-column elementor-col-25 elementor-top-column elementor-element elementor-element-5ae437b4\" data-id=\"5ae437b4\" data-element_type=\"column\" data-e-type=\"column\">\n\t\t\t<div class=\"elementor-widget-wrap elementor-element-populated\">\n\t\t\t\t\t\t<div class=\"elementor-element elementor-element-1f6b19dd elementor-widget elementor-widget-image\" data-id=\"1f6b19dd\" data-element_type=\"widget\" data-e-type=\"widget\" data-widget_type=\"image.default\">\n\t\t\t\t<div class=\"elementor-widget-container\">\n\t\t\t\t\t\t\t\t\t\t\t\t\t\t\t\t<a href=\"https:\/\/cuartetoiberia.com\/de\/das-quartett\/das-quartett-marta-peno\/#martape\u00f1o\">\n\t\t\t\t\t\t\t<img fetchpriority=\"high\" decoding=\"async\" width=\"1200\" height=\"1200\" src=\"https:\/\/cuartetoiberia.com\/wp-content\/uploads\/2022\/03\/marta-peno-cuarteto-iberia.jpg\" class=\"attachment-full size-full wp-image-1444\" alt=\"\" srcset=\"https:\/\/cuartetoiberia.com\/wp-content\/uploads\/2022\/03\/marta-peno-cuarteto-iberia.jpg 1200w, https:\/\/cuartetoiberia.com\/wp-content\/uploads\/2022\/03\/marta-peno-cuarteto-iberia-300x300.jpg 300w, https:\/\/cuartetoiberia.com\/wp-content\/uploads\/2022\/03\/marta-peno-cuarteto-iberia-1024x1024.jpg 1024w, https:\/\/cuartetoiberia.com\/wp-content\/uploads\/2022\/03\/marta-peno-cuarteto-iberia-150x150.jpg 150w, https:\/\/cuartetoiberia.com\/wp-content\/uploads\/2022\/03\/marta-peno-cuarteto-iberia-768x768.jpg 768w\" sizes=\"(max-width: 1200px) 100vw, 1200px\" \/>\t\t\t\t\t\t\t\t<\/a>\n\t\t\t\t\t\t\t\t\t\t\t\t\t\t\t<\/div>\n\t\t\t\t<\/div>\n\t\t\t\t\t<\/div>\n\t\t<\/div>\n\t\t\t\t<div class=\"elementor-column elementor-col-25 elementor-top-column elementor-element elementor-element-7639a7d6\" data-id=\"7639a7d6\" data-element_type=\"column\" data-e-type=\"column\">\n\t\t\t<div class=\"elementor-widget-wrap elementor-element-populated\">\n\t\t\t\t\t\t<div class=\"elementor-element elementor-element-6262bd98 elementor-widget elementor-widget-heading\" data-id=\"6262bd98\" data-element_type=\"widget\" data-e-type=\"widget\" data-widget_type=\"heading.default\">\n\t\t\t\t<div class=\"elementor-widget-container\">\n\t\t\t\t\t<p class=\"elementor-heading-title elementor-size-default\"><a href=\"https:\/\/cuartetoiberia.com\/de\/das-quartett\/das-quartett-luis-rodriguez\/#luisrodriguez\">Luis Rodr\u00edguez<\/a><\/p>\t\t\t\t<\/div>\n\t\t\t\t<\/div>\n\t\t\t\t<div class=\"elementor-element elementor-element-35067b81 elementor-widget elementor-widget-heading\" data-id=\"35067b81\" data-element_type=\"widget\" data-e-type=\"widget\" data-widget_type=\"heading.default\">\n\t\t\t\t<div class=\"elementor-widget-container\">\n\t\t\t\t\t<p class=\"elementor-heading-title elementor-size-default\">Geige<\/p>\t\t\t\t<\/div>\n\t\t\t\t<\/div>\n\t\t\t\t\t<\/div>\n\t\t<\/div>\n\t\t\t\t<div class=\"elementor-column elementor-col-25 elementor-top-column elementor-element elementor-element-17efb0fc\" data-id=\"17efb0fc\" data-element_type=\"column\" data-e-type=\"column\">\n\t\t\t<div class=\"elementor-widget-wrap elementor-element-populated\">\n\t\t\t\t\t\t<div class=\"elementor-element elementor-element-7d0d123f elementor-widget elementor-widget-image\" data-id=\"7d0d123f\" data-element_type=\"widget\" data-e-type=\"widget\" data-widget_type=\"image.default\">\n\t\t\t\t<div class=\"elementor-widget-container\">\n\t\t\t\t\t\t\t\t\t\t\t\t\t\t\t\t<a href=\"https:\/\/cuartetoiberia.com\/de\/das-quartett\/das-quartett-luis-rodriguez\/#luisrodriguez\">\n\t\t\t\t\t\t\t<img decoding=\"async\" width=\"1200\" height=\"1200\" src=\"https:\/\/cuartetoiberia.com\/wp-content\/uploads\/2022\/03\/luis-rodriguez-cuarteto-iberia.jpg\" class=\"attachment-full size-full wp-image-1450\" alt=\"\" srcset=\"https:\/\/cuartetoiberia.com\/wp-content\/uploads\/2022\/03\/luis-rodriguez-cuarteto-iberia.jpg 1200w, https:\/\/cuartetoiberia.com\/wp-content\/uploads\/2022\/03\/luis-rodriguez-cuarteto-iberia-300x300.jpg 300w, https:\/\/cuartetoiberia.com\/wp-content\/uploads\/2022\/03\/luis-rodriguez-cuarteto-iberia-1024x1024.jpg 1024w, https:\/\/cuartetoiberia.com\/wp-content\/uploads\/2022\/03\/luis-rodriguez-cuarteto-iberia-150x150.jpg 150w, https:\/\/cuartetoiberia.com\/wp-content\/uploads\/2022\/03\/luis-rodriguez-cuarteto-iberia-768x768.jpg 768w\" sizes=\"(max-width: 1200px) 100vw, 1200px\" \/>\t\t\t\t\t\t\t\t<\/a>\n\t\t\t\t\t\t\t\t\t\t\t\t\t\t\t<\/div>\n\t\t\t\t<\/div>\n\t\t\t\t\t<\/div>\n\t\t<\/div>\n\t\t\t\t\t<\/div>\n\t\t<\/section>\n\t\t\t\t<section class=\"elementor-section elementor-top-section elementor-element elementor-element-62d1fa17 elementor-section-full_width elementor-section-stretched elementor-reverse-mobile elementor-section-height-default elementor-section-height-default\" data-id=\"62d1fa17\" data-element_type=\"section\" data-e-type=\"section\" data-settings=\"{&quot;stretch_section&quot;:&quot;section-stretched&quot;,&quot;background_background&quot;:&quot;classic&quot;}\">\n\t\t\t\t\t\t<div class=\"elementor-container elementor-column-gap-no\">\n\t\t\t\t\t<div class=\"elementor-column elementor-col-25 elementor-top-column elementor-element elementor-element-425f931b\" data-id=\"425f931b\" data-element_type=\"column\" data-e-type=\"column\" data-settings=\"{&quot;background_background&quot;:&quot;slideshow&quot;,&quot;background_slideshow_gallery&quot;:[],&quot;background_slideshow_loop&quot;:&quot;yes&quot;,&quot;background_slideshow_slide_duration&quot;:5000,&quot;background_slideshow_slide_transition&quot;:&quot;fade&quot;,&quot;background_slideshow_transition_duration&quot;:500}\">\n\t\t\t<div class=\"elementor-widget-wrap elementor-element-populated\">\n\t\t\t\t\t\t<div class=\"elementor-element elementor-element-439c12aa elementor-widget elementor-widget-image\" data-id=\"439c12aa\" data-element_type=\"widget\" data-e-type=\"widget\" data-widget_type=\"image.default\">\n\t\t\t\t<div class=\"elementor-widget-container\">\n\t\t\t\t\t\t\t\t\t\t\t\t\t\t\t\t<a href=\"https:\/\/cuartetoiberia.com\/cuarteto\/arnold-rodriguez\/#arnoldrodriguez\">\n\t\t\t\t\t\t\t<img decoding=\"async\" width=\"1200\" height=\"1200\" src=\"https:\/\/cuartetoiberia.com\/wp-content\/uploads\/2022\/03\/arnold-rodriguez-cuarteto-iberia.jpg\" class=\"attachment-full size-full wp-image-1448\" alt=\"\" srcset=\"https:\/\/cuartetoiberia.com\/wp-content\/uploads\/2022\/03\/arnold-rodriguez-cuarteto-iberia.jpg 1200w, https:\/\/cuartetoiberia.com\/wp-content\/uploads\/2022\/03\/arnold-rodriguez-cuarteto-iberia-300x300.jpg 300w, https:\/\/cuartetoiberia.com\/wp-content\/uploads\/2022\/03\/arnold-rodriguez-cuarteto-iberia-1024x1024.jpg 1024w, https:\/\/cuartetoiberia.com\/wp-content\/uploads\/2022\/03\/arnold-rodriguez-cuarteto-iberia-150x150.jpg 150w, https:\/\/cuartetoiberia.com\/wp-content\/uploads\/2022\/03\/arnold-rodriguez-cuarteto-iberia-768x768.jpg 768w\" sizes=\"(max-width: 1200px) 100vw, 1200px\" \/>\t\t\t\t\t\t\t\t<\/a>\n\t\t\t\t\t\t\t\t\t\t\t\t\t\t\t<\/div>\n\t\t\t\t<\/div>\n\t\t\t\t\t<\/div>\n\t\t<\/div>\n\t\t\t\t<div class=\"elementor-column elementor-col-25 elementor-top-column elementor-element elementor-element-3918b68\" data-id=\"3918b68\" data-element_type=\"column\" data-e-type=\"column\">\n\t\t\t<div class=\"elementor-widget-wrap elementor-element-populated\">\n\t\t\t\t\t\t<div class=\"elementor-element elementor-element-65f9c8a5 elementor-widget elementor-widget-heading\" data-id=\"65f9c8a5\" data-element_type=\"widget\" data-e-type=\"widget\" data-widget_type=\"heading.default\">\n\t\t\t\t<div class=\"elementor-widget-container\">\n\t\t\t\t\t<p class=\"elementor-heading-title elementor-size-default\"><a href=\"https:\/\/cuartetoiberia.com\/cuarteto\/arnold-rodriguez\/#arnoldrodriguez\">Arnold Rodr\u00edguez<\/a><\/p>\t\t\t\t<\/div>\n\t\t\t\t<\/div>\n\t\t\t\t<div class=\"elementor-element elementor-element-3f7d3320 elementor-widget elementor-widget-heading\" data-id=\"3f7d3320\" data-element_type=\"widget\" data-e-type=\"widget\" data-widget_type=\"heading.default\">\n\t\t\t\t<div class=\"elementor-widget-container\">\n\t\t\t\t\t<p class=\"elementor-heading-title elementor-size-default\">Violoncello<\/p>\t\t\t\t<\/div>\n\t\t\t\t<\/div>\n\t\t\t\t\t<\/div>\n\t\t<\/div>\n\t\t\t\t<div class=\"elementor-column elementor-col-25 elementor-top-column elementor-element elementor-element-6acd9c22\" data-id=\"6acd9c22\" data-element_type=\"column\" data-e-type=\"column\">\n\t\t\t<div class=\"elementor-widget-wrap elementor-element-populated\">\n\t\t\t\t\t\t<div class=\"elementor-element elementor-element-1417d321 elementor-widget elementor-widget-image\" data-id=\"1417d321\" data-element_type=\"widget\" data-e-type=\"widget\" data-widget_type=\"image.default\">\n\t\t\t\t<div class=\"elementor-widget-container\">\n\t\t\t\t\t\t\t\t\t\t\t\t\t\t\t\t<a href=\"https:\/\/cuartetoiberia.com\/de\/das-quartett\/\">\n\t\t\t\t\t\t\t<img loading=\"lazy\" decoding=\"async\" width=\"1200\" height=\"1200\" src=\"https:\/\/cuartetoiberia.com\/wp-content\/uploads\/2025\/03\/componentes-cuarteto-iberia_mar25.webp\" class=\"attachment-full size-full wp-image-3867\" alt=\"\" srcset=\"https:\/\/cuartetoiberia.com\/wp-content\/uploads\/2025\/03\/componentes-cuarteto-iberia_mar25.webp 1200w, https:\/\/cuartetoiberia.com\/wp-content\/uploads\/2025\/03\/componentes-cuarteto-iberia_mar25-300x300.webp 300w, https:\/\/cuartetoiberia.com\/wp-content\/uploads\/2025\/03\/componentes-cuarteto-iberia_mar25-1024x1024.webp 1024w, https:\/\/cuartetoiberia.com\/wp-content\/uploads\/2025\/03\/componentes-cuarteto-iberia_mar25-150x150.webp 150w, https:\/\/cuartetoiberia.com\/wp-content\/uploads\/2025\/03\/componentes-cuarteto-iberia_mar25-768x768.webp 768w\" sizes=\"(max-width: 1200px) 100vw, 1200px\" \/>\t\t\t\t\t\t\t\t<\/a>\n\t\t\t\t\t\t\t\t\t\t\t\t\t\t\t<\/div>\n\t\t\t\t<\/div>\n\t\t\t\t\t<\/div>\n\t\t<\/div>\n\t\t\t\t<div class=\"elementor-column elementor-col-25 elementor-top-column elementor-element elementor-element-398110d\" data-id=\"398110d\" data-element_type=\"column\" data-e-type=\"column\">\n\t\t\t<div class=\"elementor-widget-wrap elementor-element-populated\">\n\t\t\t\t\t\t<div class=\"elementor-element elementor-element-3aec4284 elementor-widget elementor-widget-heading\" data-id=\"3aec4284\" data-element_type=\"widget\" data-e-type=\"widget\" data-widget_type=\"heading.default\">\n\t\t\t\t<div class=\"elementor-widget-container\">\n\t\t\t\t\t<p class=\"elementor-heading-title elementor-size-default\"><a href=\"https:\/\/cuartetoiberia.com\/de\/das-quartett\/\">Cuarteto Iberia<\/a><\/p>\t\t\t\t<\/div>\n\t\t\t\t<\/div>\n\t\t\t\t<div class=\"elementor-element elementor-element-5f5a939a elementor-widget elementor-widget-heading\" data-id=\"5f5a939a\" data-element_type=\"widget\" data-e-type=\"widget\" data-widget_type=\"heading.default\">\n\t\t\t\t<div class=\"elementor-widget-container\">\n\t\t\t\t\t<p class=\"elementor-heading-title elementor-size-default\">Mitglieder<\/p>\t\t\t\t<\/div>\n\t\t\t\t<\/div>\n\t\t\t\t\t<\/div>\n\t\t<\/div>\n\t\t\t\t\t<\/div>\n\t\t<\/section>\n\t\t\t\t<section class=\"elementor-section elementor-top-section elementor-element elementor-element-3165849a elementor-section-boxed elementor-section-height-default elementor-section-height-default\" data-id=\"3165849a\" data-element_type=\"section\" data-e-type=\"section\" id=\"mariooltra\">\n\t\t\t\t\t\t<div class=\"elementor-container elementor-column-gap-default\">\n\t\t\t\t\t<div class=\"elementor-column elementor-col-100 elementor-top-column elementor-element elementor-element-7bbc26ca\" data-id=\"7bbc26ca\" data-element_type=\"column\" data-e-type=\"column\">\n\t\t\t<div class=\"elementor-widget-wrap elementor-element-populated\">\n\t\t\t\t\t\t<div class=\"elementor-element elementor-element-e652825 elementor-widget elementor-widget-heading\" data-id=\"e652825\" data-element_type=\"widget\" data-e-type=\"widget\" data-widget_type=\"heading.default\">\n\t\t\t\t<div class=\"elementor-widget-container\">\n\t\t\t\t\t<h1 class=\"elementor-heading-title elementor-size-default\">Mario Oltra<\/h1>\t\t\t\t<\/div>\n\t\t\t\t<\/div>\n\t\t\t\t<div class=\"elementor-element elementor-element-6c52c14e elementor-widget elementor-widget-text-editor\" data-id=\"6c52c14e\" data-element_type=\"widget\" data-e-type=\"widget\" data-widget_type=\"text-editor.default\">\n\t\t\t\t<div class=\"elementor-widget-container\">\n\t\t\t\t\t\t\t\t\t<p>Viola<\/p>\n\t\t\t\t\t\t\t\t<\/div>\n\t\t\t\t<\/div>\n\t\t\t\t<div class=\"elementor-element elementor-element-4a4baccc elementor-widget-divider--view-line elementor-widget elementor-widget-divider\" data-id=\"4a4baccc\" data-element_type=\"widget\" data-e-type=\"widget\" data-widget_type=\"divider.default\">\n\t\t\t\t<div class=\"elementor-widget-container\">\n\t\t\t\t\t\t\t<div class=\"elementor-divider\">\n\t\t\t<span class=\"elementor-divider-separator\">\n\t\t\t\t\t\t<\/span>\n\t\t<\/div>\n\t\t\t\t\t\t<\/div>\n\t\t\t\t<\/div>\n\t\t\t\t<div class=\"elementor-element elementor-element-44dff451 elementor-widget elementor-widget-text-editor\" data-id=\"44dff451\" data-element_type=\"widget\" data-e-type=\"widget\" data-widget_type=\"text-editor.default\">\n\t\t\t\t<div class=\"elementor-widget-container\">\n\t\t\t\t\t\t\t\t\t<p style=\"font-weight: 400;\">Geboren in Orihuela (Alicante), begann er im Alter von 8 Jahren seine musikalische Ausbildung am\nKonservatorium seiner Heimatstadt und w\u00e4hlte die Bratsche als sein Hauptfach unter der\nAnleitung von Veliko Nedyalkov. Schon fr\u00fch zeigte er au\u00dfergew\u00f6hnliches Talent, was ihm die\nM\u00f6glichkeit gab, mit verschiedenen Jugendorchestern in der Provinz Alicante\nzusammenzuarbeiten und Meisterkurse bei renommierten Musikern wie Wolfgang Klos (Wien) und\nJosep Puchades, der sp\u00e4ter sein Hauptlehrer im Studium wurde, zu erhalten.<\/p>\n<p style=\"font-weight: 400;\">Nach dem Abschluss seiner professionellen Ausbildung mit dem Au\u00dfergew\u00f6hnlichen Preis seiner\nGeneration begann er sein Studium am Conservatorio Superior de M\u00fasica de Arag\u00f3n und\nwechselte sp\u00e4ter an Musikene, um seine Ausbildung bei Josep Puchades fortzusetzen. W\u00e4hrend\ndieser Zeit arbeitete er mit international angesehenen Professoren wie Joaqu\u00edn Riquelme, Pedrag\nKatanic, Silvia Simonescu, Thomas Riebl und Isabelle Carisius.<\/p>\n<p style=\"font-weight: 400;\">Er verf\u00fcgt \u00fcber eine fundierte Ausbildung in Kammermusik und arbeitete mit renommierten\nMusikern wie Andoni Mercero, Elena Escalza, Leonhard Roczek, Firmian Lermer, Milan Milojicic\nund William Coleman sowie mit dem Cuarteto Quiroga und Cuarteto Diotima. Dar\u00fcber hinaus\nerhielt er Unterricht von Pianisten wie Connie Shih und Benedicte Palko.<\/p>\n<p style=\"font-weight: 400;\">Derzeit absolviert er den Master in Interpretation an der renommierten Universit\u00e4t Mozarteum\nSalzburg in der Klasse von William Coleman. Er war Mitglied des Instrumentalistenpools der\nJONDE, arbeitete mit der Bilbao Orkestra Sinfonikoa (BOS) zusammen und geh\u00f6rt zur\nAkademieliste von ADDA Simf\u00f2nica, mit denen er an verschiedenen Projekten teilgenommen hat.<\/p>\t\t\t\t\t\t\t\t<\/div>\n\t\t\t\t<\/div>\n\t\t\t\t\t<\/div>\n\t\t<\/div>\n\t\t\t\t\t<\/div>\n\t\t<\/section>\n\t\t\t\t<section class=\"elementor-section elementor-top-section elementor-element elementor-element-feb7e64 elementor-section-boxed elementor-section-height-default elementor-section-height-default\" data-id=\"feb7e64\" data-element_type=\"section\" data-e-type=\"section\">\n\t\t\t\t\t\t<div class=\"elementor-container elementor-column-gap-default\">\n\t\t\t\t\t<div class=\"elementor-column elementor-col-100 elementor-top-column elementor-element elementor-element-4985c347\" data-id=\"4985c347\" data-element_type=\"column\" data-e-type=\"column\">\n\t\t\t<div class=\"elementor-widget-wrap elementor-element-populated\">\n\t\t\t\t\t\t<div class=\"elementor-element elementor-element-facb038 elementor-align-center elementor-widget elementor-widget-button\" data-id=\"facb038\" data-element_type=\"widget\" data-e-type=\"widget\" data-widget_type=\"button.default\">\n\t\t\t\t<div class=\"elementor-widget-container\">\n\t\t\t\t\t\t\t\t\t<div class=\"elementor-button-wrapper\">\n\t\t\t\t\t<a class=\"elementor-button elementor-button-link elementor-size-lg\" href=\"https:\/\/cuartetoiberia.com\/wp-content\/uploads\/2025\/03\/CV_en-250313.pdf\" target=\"_blank\">\n\t\t\t\t\t\t<span class=\"elementor-button-content-wrapper\">\n\t\t\t\t\t\t\t\t\t<span class=\"elementor-button-text\">CV Das Quartett<\/span>\n\t\t\t\t\t<\/span>\n\t\t\t\t\t<\/a>\n\t\t\t\t<\/div>\n\t\t\t\t\t\t\t\t<\/div>\n\t\t\t\t<\/div>\n\t\t\t\t\t<\/div>\n\t\t<\/div>\n\t\t\t\t\t<\/div>\n\t\t<\/section>\n\t\t\t\t<\/div>\n\t\t","protected":false},"excerpt":{"rendered":"<p>Marta Pe\u00f1o Geige Luis Rodr\u00edguez Geige Arnold Rodr\u00edguez Violoncello Cuarteto Iberia Mitglieder Mario Oltra Viola Geboren in Orihuela (Alicante), begann er im Alter von 8 Jahren seine musikalische Ausbildung am Konservatorium seiner Heimatstadt und w\u00e4hlte die Bratsche als sein Hauptfach unter der Anleitung von Veliko Nedyalkov. Schon fr\u00fch zeigte er au\u00dfergew\u00f6hnliches Talent, was ihm die &#8230; <a title=\"Das Quarttett &#8211; Mario Oltra\" class=\"read-more\" href=\"https:\/\/cuartetoiberia.com\/de\/das-quartett\/das-quarttett-mario-oltra\/\" aria-label=\"Mehr Informationen \u00fcber Das Quarttett &#8211; Mario Oltra\">Leer m\u00e1s<\/a><\/p>\n","protected":false},"author":1,"featured_media":0,"parent":2635,"menu_order":0,"comment_status":"closed","ping_status":"closed","template":"","meta":{"_acf_changed":false,"footnotes":""},"class_list":["post-2641","page","type-page","status-publish"],"acf":[],"publishpress_future_action":{"enabled":false,"date":"2026-04-14 12:44:03","action":"change-status","newStatus":"draft","terms":[],"taxonomy":"translation_priority"},"publishpress_future_workflow_manual_trigger":{"enabledWorkflows":[]},"_links":{"self":[{"href":"https:\/\/cuartetoiberia.com\/de\/wp-json\/wp\/v2\/pages\/2641","targetHints":{"allow":["GET"]}}],"collection":[{"href":"https:\/\/cuartetoiberia.com\/de\/wp-json\/wp\/v2\/pages"}],"about":[{"href":"https:\/\/cuartetoiberia.com\/de\/wp-json\/wp\/v2\/types\/page"}],"author":[{"embeddable":true,"href":"https:\/\/cuartetoiberia.com\/de\/wp-json\/wp\/v2\/users\/1"}],"replies":[{"embeddable":true,"href":"https:\/\/cuartetoiberia.com\/de\/wp-json\/wp\/v2\/comments?post=2641"}],"version-history":[{"count":5,"href":"https:\/\/cuartetoiberia.com\/de\/wp-json\/wp\/v2\/pages\/2641\/revisions"}],"predecessor-version":[{"id":4162,"href":"https:\/\/cuartetoiberia.com\/de\/wp-json\/wp\/v2\/pages\/2641\/revisions\/4162"}],"up":[{"embeddable":true,"href":"https:\/\/cuartetoiberia.com\/de\/wp-json\/wp\/v2\/pages\/2635"}],"wp:attachment":[{"href":"https:\/\/cuartetoiberia.com\/de\/wp-json\/wp\/v2\/media?parent=2641"}],"curies":[{"name":"wp","href":"https:\/\/api.w.org\/{rel}","templated":true}]}}