{"id":2639,"date":"2022-03-07T17:45:30","date_gmt":"2022-03-07T16:45:30","guid":{"rendered":"https:\/\/cuartetoiberia.com\/das-quartett\/das-quartett-luis-rodriguez\/"},"modified":"2026-03-01T13:15:35","modified_gmt":"2026-03-01T12:15:35","slug":"das-quartett-luis-rodriguez","status":"publish","type":"page","link":"https:\/\/cuartetoiberia.com\/de\/das-quartett\/das-quartett-luis-rodriguez\/","title":{"rendered":"Das Quartett \u2013 Luis Rodr\u00edguez"},"content":{"rendered":"\t\t<div data-elementor-type=\"wp-page\" data-elementor-id=\"2639\" class=\"elementor elementor-2639 elementor-424\" data-elementor-post-type=\"page\">\n\t\t\t\t\t\t<section class=\"elementor-section elementor-top-section elementor-element elementor-element-10f22c68 elementor-section-full_width elementor-section-stretched elementor-section-height-default elementor-section-height-default\" data-id=\"10f22c68\" data-element_type=\"section\" data-e-type=\"section\" data-settings=\"{&quot;stretch_section&quot;:&quot;section-stretched&quot;,&quot;background_background&quot;:&quot;classic&quot;}\">\n\t\t\t\t\t\t<div class=\"elementor-container elementor-column-gap-no\">\n\t\t\t\t\t<div class=\"elementor-column elementor-col-25 elementor-top-column elementor-element elementor-element-23614cc4\" data-id=\"23614cc4\" data-element_type=\"column\" data-e-type=\"column\" data-settings=\"{&quot;background_background&quot;:&quot;slideshow&quot;,&quot;background_slideshow_gallery&quot;:[],&quot;background_slideshow_loop&quot;:&quot;yes&quot;,&quot;background_slideshow_slide_duration&quot;:5000,&quot;background_slideshow_slide_transition&quot;:&quot;fade&quot;,&quot;background_slideshow_transition_duration&quot;:500}\">\n\t\t\t<div class=\"elementor-widget-wrap elementor-element-populated\">\n\t\t\t\t\t\t<div class=\"elementor-element elementor-element-5008fc2c elementor-widget elementor-widget-heading\" data-id=\"5008fc2c\" data-element_type=\"widget\" data-e-type=\"widget\" data-widget_type=\"heading.default\">\n\t\t\t\t<div class=\"elementor-widget-container\">\n\t\t\t\t\t<p class=\"elementor-heading-title elementor-size-default\"><a href=\"https:\/\/cuartetoiberia.com\/de\/das-quartett\/das-quartett-marta-peno\/#martape\u00f1o\">Marta Pe\u00f1o<\/a><\/p>\t\t\t\t<\/div>\n\t\t\t\t<\/div>\n\t\t\t\t<div class=\"elementor-element elementor-element-1d378213 elementor-widget elementor-widget-heading\" data-id=\"1d378213\" data-element_type=\"widget\" data-e-type=\"widget\" data-widget_type=\"heading.default\">\n\t\t\t\t<div class=\"elementor-widget-container\">\n\t\t\t\t\t<p class=\"elementor-heading-title elementor-size-default\">Geige<\/p>\t\t\t\t<\/div>\n\t\t\t\t<\/div>\n\t\t\t\t\t<\/div>\n\t\t<\/div>\n\t\t\t\t<div class=\"elementor-column elementor-col-25 elementor-top-column elementor-element elementor-element-5b80cbd5\" data-id=\"5b80cbd5\" data-element_type=\"column\" data-e-type=\"column\">\n\t\t\t<div class=\"elementor-widget-wrap elementor-element-populated\">\n\t\t\t\t\t\t<div class=\"elementor-element elementor-element-25a62b39 elementor-widget elementor-widget-image\" data-id=\"25a62b39\" data-element_type=\"widget\" data-e-type=\"widget\" data-widget_type=\"image.default\">\n\t\t\t\t<div class=\"elementor-widget-container\">\n\t\t\t\t\t\t\t\t\t\t\t\t\t\t\t\t<a href=\"https:\/\/cuartetoiberia.com\/de\/das-quartett\/das-quartett-marta-peno\/#martape\u00f1o\">\n\t\t\t\t\t\t\t<img fetchpriority=\"high\" decoding=\"async\" width=\"1200\" height=\"1200\" src=\"https:\/\/cuartetoiberia.com\/wp-content\/uploads\/2022\/03\/marta-peno-cuarteto-iberia.jpg\" class=\"attachment-full size-full wp-image-1444\" alt=\"\" srcset=\"https:\/\/cuartetoiberia.com\/wp-content\/uploads\/2022\/03\/marta-peno-cuarteto-iberia.jpg 1200w, https:\/\/cuartetoiberia.com\/wp-content\/uploads\/2022\/03\/marta-peno-cuarteto-iberia-300x300.jpg 300w, https:\/\/cuartetoiberia.com\/wp-content\/uploads\/2022\/03\/marta-peno-cuarteto-iberia-1024x1024.jpg 1024w, https:\/\/cuartetoiberia.com\/wp-content\/uploads\/2022\/03\/marta-peno-cuarteto-iberia-150x150.jpg 150w, https:\/\/cuartetoiberia.com\/wp-content\/uploads\/2022\/03\/marta-peno-cuarteto-iberia-768x768.jpg 768w\" sizes=\"(max-width: 1200px) 100vw, 1200px\" \/>\t\t\t\t\t\t\t\t<\/a>\n\t\t\t\t\t\t\t\t\t\t\t\t\t\t\t<\/div>\n\t\t\t\t<\/div>\n\t\t\t\t\t<\/div>\n\t\t<\/div>\n\t\t\t\t<div class=\"elementor-column elementor-col-25 elementor-top-column elementor-element elementor-element-2f43c096\" data-id=\"2f43c096\" data-element_type=\"column\" data-e-type=\"column\">\n\t\t\t<div class=\"elementor-widget-wrap elementor-element-populated\">\n\t\t\t\t\t\t<div class=\"elementor-element elementor-element-9b32ca7 elementor-widget elementor-widget-heading\" data-id=\"9b32ca7\" data-element_type=\"widget\" data-e-type=\"widget\" data-widget_type=\"heading.default\">\n\t\t\t\t<div class=\"elementor-widget-container\">\n\t\t\t\t\t<p class=\"elementor-heading-title elementor-size-default\"><a href=\"https:\/\/cuartetoiberia.com\/de\/das-quartett\/\">Cuarteto Iberia<\/a><\/p>\t\t\t\t<\/div>\n\t\t\t\t<\/div>\n\t\t\t\t<div class=\"elementor-element elementor-element-42c6cd2c elementor-widget elementor-widget-heading\" data-id=\"42c6cd2c\" data-element_type=\"widget\" data-e-type=\"widget\" data-widget_type=\"heading.default\">\n\t\t\t\t<div class=\"elementor-widget-container\">\n\t\t\t\t\t<p class=\"elementor-heading-title elementor-size-default\">Mitglieder<\/p>\t\t\t\t<\/div>\n\t\t\t\t<\/div>\n\t\t\t\t\t<\/div>\n\t\t<\/div>\n\t\t\t\t<div class=\"elementor-column elementor-col-25 elementor-top-column elementor-element elementor-element-4ebef4b3\" data-id=\"4ebef4b3\" data-element_type=\"column\" data-e-type=\"column\">\n\t\t\t<div class=\"elementor-widget-wrap elementor-element-populated\">\n\t\t\t\t\t\t<div class=\"elementor-element elementor-element-5c32dfe3 elementor-widget elementor-widget-image\" data-id=\"5c32dfe3\" data-element_type=\"widget\" data-e-type=\"widget\" data-widget_type=\"image.default\">\n\t\t\t\t<div class=\"elementor-widget-container\">\n\t\t\t\t\t\t\t\t\t\t\t\t\t\t\t\t<a href=\"https:\/\/cuartetoiberia.com\/de\/das-quartett\/\">\n\t\t\t\t\t\t\t<img decoding=\"async\" width=\"1200\" height=\"1200\" src=\"https:\/\/cuartetoiberia.com\/wp-content\/uploads\/2025\/03\/componentes-cuarteto-iberia_mar25.webp\" class=\"attachment-full size-full wp-image-3867\" alt=\"\" srcset=\"https:\/\/cuartetoiberia.com\/wp-content\/uploads\/2025\/03\/componentes-cuarteto-iberia_mar25.webp 1200w, https:\/\/cuartetoiberia.com\/wp-content\/uploads\/2025\/03\/componentes-cuarteto-iberia_mar25-300x300.webp 300w, https:\/\/cuartetoiberia.com\/wp-content\/uploads\/2025\/03\/componentes-cuarteto-iberia_mar25-1024x1024.webp 1024w, https:\/\/cuartetoiberia.com\/wp-content\/uploads\/2025\/03\/componentes-cuarteto-iberia_mar25-150x150.webp 150w, https:\/\/cuartetoiberia.com\/wp-content\/uploads\/2025\/03\/componentes-cuarteto-iberia_mar25-768x768.webp 768w\" sizes=\"(max-width: 1200px) 100vw, 1200px\" \/>\t\t\t\t\t\t\t\t<\/a>\n\t\t\t\t\t\t\t\t\t\t\t\t\t\t\t<\/div>\n\t\t\t\t<\/div>\n\t\t\t\t\t<\/div>\n\t\t<\/div>\n\t\t\t\t\t<\/div>\n\t\t<\/section>\n\t\t\t\t<section class=\"elementor-section elementor-top-section elementor-element elementor-element-5e76fe01 elementor-section-full_width elementor-section-stretched elementor-reverse-mobile elementor-section-height-default elementor-section-height-default\" data-id=\"5e76fe01\" data-element_type=\"section\" data-e-type=\"section\" data-settings=\"{&quot;stretch_section&quot;:&quot;section-stretched&quot;,&quot;background_background&quot;:&quot;classic&quot;}\">\n\t\t\t\t\t\t<div class=\"elementor-container elementor-column-gap-no\">\n\t\t\t\t\t<div class=\"elementor-column elementor-col-25 elementor-top-column elementor-element elementor-element-4592003d\" data-id=\"4592003d\" data-element_type=\"column\" data-e-type=\"column\" data-settings=\"{&quot;background_background&quot;:&quot;slideshow&quot;,&quot;background_slideshow_gallery&quot;:[],&quot;background_slideshow_loop&quot;:&quot;yes&quot;,&quot;background_slideshow_slide_duration&quot;:5000,&quot;background_slideshow_slide_transition&quot;:&quot;fade&quot;,&quot;background_slideshow_transition_duration&quot;:500}\">\n\t\t\t<div class=\"elementor-widget-wrap elementor-element-populated\">\n\t\t\t\t\t\t<div class=\"elementor-element elementor-element-6b5a510b elementor-widget elementor-widget-image\" data-id=\"6b5a510b\" data-element_type=\"widget\" data-e-type=\"widget\" data-widget_type=\"image.default\">\n\t\t\t\t<div class=\"elementor-widget-container\">\n\t\t\t\t\t\t\t\t\t\t\t\t\t\t\t\t<a href=\"https:\/\/cuartetoiberia.com\/cuarteto\/arnold-rodriguez\/#arnoldrodriguez\">\n\t\t\t\t\t\t\t<img decoding=\"async\" width=\"1200\" height=\"1200\" src=\"https:\/\/cuartetoiberia.com\/wp-content\/uploads\/2022\/03\/arnold-rodriguez-cuarteto-iberia.jpg\" class=\"attachment-full size-full wp-image-1448\" alt=\"\" srcset=\"https:\/\/cuartetoiberia.com\/wp-content\/uploads\/2022\/03\/arnold-rodriguez-cuarteto-iberia.jpg 1200w, https:\/\/cuartetoiberia.com\/wp-content\/uploads\/2022\/03\/arnold-rodriguez-cuarteto-iberia-300x300.jpg 300w, https:\/\/cuartetoiberia.com\/wp-content\/uploads\/2022\/03\/arnold-rodriguez-cuarteto-iberia-1024x1024.jpg 1024w, https:\/\/cuartetoiberia.com\/wp-content\/uploads\/2022\/03\/arnold-rodriguez-cuarteto-iberia-150x150.jpg 150w, https:\/\/cuartetoiberia.com\/wp-content\/uploads\/2022\/03\/arnold-rodriguez-cuarteto-iberia-768x768.jpg 768w\" sizes=\"(max-width: 1200px) 100vw, 1200px\" \/>\t\t\t\t\t\t\t\t<\/a>\n\t\t\t\t\t\t\t\t\t\t\t\t\t\t\t<\/div>\n\t\t\t\t<\/div>\n\t\t\t\t\t<\/div>\n\t\t<\/div>\n\t\t\t\t<div class=\"elementor-column elementor-col-25 elementor-top-column elementor-element elementor-element-5a8be832\" data-id=\"5a8be832\" data-element_type=\"column\" data-e-type=\"column\">\n\t\t\t<div class=\"elementor-widget-wrap elementor-element-populated\">\n\t\t\t\t\t\t<div class=\"elementor-element elementor-element-9adeb0f elementor-widget elementor-widget-heading\" data-id=\"9adeb0f\" data-element_type=\"widget\" data-e-type=\"widget\" data-widget_type=\"heading.default\">\n\t\t\t\t<div class=\"elementor-widget-container\">\n\t\t\t\t\t<p class=\"elementor-heading-title elementor-size-default\"><a href=\"https:\/\/cuartetoiberia.com\/cuarteto\/arnold-rodriguez\/#arnoldrodriguez\">Arnold Rodr\u00edguez<\/a><\/p>\t\t\t\t<\/div>\n\t\t\t\t<\/div>\n\t\t\t\t<div class=\"elementor-element elementor-element-6982effe elementor-widget elementor-widget-heading\" data-id=\"6982effe\" data-element_type=\"widget\" data-e-type=\"widget\" data-widget_type=\"heading.default\">\n\t\t\t\t<div class=\"elementor-widget-container\">\n\t\t\t\t\t<p class=\"elementor-heading-title elementor-size-default\">Violoncello<\/p>\t\t\t\t<\/div>\n\t\t\t\t<\/div>\n\t\t\t\t\t<\/div>\n\t\t<\/div>\n\t\t\t\t<div class=\"elementor-column elementor-col-25 elementor-top-column elementor-element elementor-element-526db549\" data-id=\"526db549\" data-element_type=\"column\" data-e-type=\"column\">\n\t\t\t<div class=\"elementor-widget-wrap elementor-element-populated\">\n\t\t\t\t\t\t<div class=\"elementor-element elementor-element-2391c4aa elementor-widget elementor-widget-image\" data-id=\"2391c4aa\" data-element_type=\"widget\" data-e-type=\"widget\" data-widget_type=\"image.default\">\n\t\t\t\t<div class=\"elementor-widget-container\">\n\t\t\t\t\t\t\t\t\t\t\t\t\t\t\t\t<a href=\"https:\/\/cuartetoiberia.com\/cuarteto\/aurora-rus\/#aurorarus\">\n\t\t\t\t\t\t\t<img loading=\"lazy\" decoding=\"async\" width=\"1200\" height=\"1200\" src=\"https:\/\/cuartetoiberia.com\/wp-content\/uploads\/2025\/03\/mario-oltra-cuarteto-iberia.webp\" class=\"attachment-full size-full wp-image-3848\" alt=\"\" srcset=\"https:\/\/cuartetoiberia.com\/wp-content\/uploads\/2025\/03\/mario-oltra-cuarteto-iberia.webp 1200w, https:\/\/cuartetoiberia.com\/wp-content\/uploads\/2025\/03\/mario-oltra-cuarteto-iberia-300x300.webp 300w, https:\/\/cuartetoiberia.com\/wp-content\/uploads\/2025\/03\/mario-oltra-cuarteto-iberia-1024x1024.webp 1024w, https:\/\/cuartetoiberia.com\/wp-content\/uploads\/2025\/03\/mario-oltra-cuarteto-iberia-150x150.webp 150w, https:\/\/cuartetoiberia.com\/wp-content\/uploads\/2025\/03\/mario-oltra-cuarteto-iberia-768x768.webp 768w\" sizes=\"(max-width: 1200px) 100vw, 1200px\" \/>\t\t\t\t\t\t\t\t<\/a>\n\t\t\t\t\t\t\t\t\t\t\t\t\t\t\t<\/div>\n\t\t\t\t<\/div>\n\t\t\t\t\t<\/div>\n\t\t<\/div>\n\t\t\t\t<div class=\"elementor-column elementor-col-25 elementor-top-column elementor-element elementor-element-79c453fc\" data-id=\"79c453fc\" data-element_type=\"column\" data-e-type=\"column\">\n\t\t\t<div class=\"elementor-widget-wrap elementor-element-populated\">\n\t\t\t\t\t\t<div class=\"elementor-element elementor-element-16528533 elementor-widget elementor-widget-heading\" data-id=\"16528533\" data-element_type=\"widget\" data-e-type=\"widget\" data-widget_type=\"heading.default\">\n\t\t\t\t<div class=\"elementor-widget-container\">\n\t\t\t\t\t<p class=\"elementor-heading-title elementor-size-default\"><a href=\"https:\/\/cuartetoiberia.com\/cuarteto\/mario-oltra\/#mariooltra\">Mario Oltra<\/a><\/p>\t\t\t\t<\/div>\n\t\t\t\t<\/div>\n\t\t\t\t<div class=\"elementor-element elementor-element-e945d66 elementor-widget elementor-widget-heading\" data-id=\"e945d66\" data-element_type=\"widget\" data-e-type=\"widget\" data-widget_type=\"heading.default\">\n\t\t\t\t<div class=\"elementor-widget-container\">\n\t\t\t\t\t<p class=\"elementor-heading-title elementor-size-default\">Viola<\/p>\t\t\t\t<\/div>\n\t\t\t\t<\/div>\n\t\t\t\t\t<\/div>\n\t\t<\/div>\n\t\t\t\t\t<\/div>\n\t\t<\/section>\n\t\t\t\t<section class=\"elementor-section elementor-top-section elementor-element elementor-element-ae7b3a1 elementor-section-boxed elementor-section-height-default elementor-section-height-default\" data-id=\"ae7b3a1\" data-element_type=\"section\" data-e-type=\"section\" id=\"luisrodriguez\">\n\t\t\t\t\t\t<div class=\"elementor-container elementor-column-gap-default\">\n\t\t\t\t\t<div class=\"elementor-column elementor-col-100 elementor-top-column elementor-element elementor-element-56d3bbd3\" data-id=\"56d3bbd3\" data-element_type=\"column\" data-e-type=\"column\">\n\t\t\t<div class=\"elementor-widget-wrap elementor-element-populated\">\n\t\t\t\t\t\t<div class=\"elementor-element elementor-element-13b0c84 elementor-widget elementor-widget-heading\" data-id=\"13b0c84\" data-element_type=\"widget\" data-e-type=\"widget\" id=\"luisrodriguez\" data-widget_type=\"heading.default\">\n\t\t\t\t<div class=\"elementor-widget-container\">\n\t\t\t\t\t<h1 class=\"elementor-heading-title elementor-size-default\">Luis Rodr\u00edguez<\/h1>\t\t\t\t<\/div>\n\t\t\t\t<\/div>\n\t\t\t\t<div class=\"elementor-element elementor-element-1b04cb8b elementor-widget elementor-widget-text-editor\" data-id=\"1b04cb8b\" data-element_type=\"widget\" data-e-type=\"widget\" data-widget_type=\"text-editor.default\">\n\t\t\t\t<div class=\"elementor-widget-container\">\n\t\t\t\t\t\t\t\t\t<p>Geige<\/p>\n\t\t\t\t\t\t\t\t<\/div>\n\t\t\t\t<\/div>\n\t\t\t\t<div class=\"elementor-element elementor-element-3088220e elementor-widget-divider--view-line elementor-widget elementor-widget-divider\" data-id=\"3088220e\" data-element_type=\"widget\" data-e-type=\"widget\" data-widget_type=\"divider.default\">\n\t\t\t\t<div class=\"elementor-widget-container\">\n\t\t\t\t\t\t\t<div class=\"elementor-divider\">\n\t\t\t<span class=\"elementor-divider-separator\">\n\t\t\t\t\t\t<\/span>\n\t\t<\/div>\n\t\t\t\t\t\t<\/div>\n\t\t\t\t<\/div>\n\t\t\t\t<div class=\"elementor-element elementor-element-18ed74bb elementor-widget elementor-widget-text-editor\" data-id=\"18ed74bb\" data-element_type=\"widget\" data-e-type=\"widget\" data-widget_type=\"text-editor.default\">\n\t\t\t\t<div class=\"elementor-widget-container\">\n\t\t\t\t\t\t\t\t\t<p style=\"font-weight: 400;\">Luis Rodr\u00edguez Lisbona (1995, Caracas, Venezuela) begann sein Musikstudium in Madrid bei Professor Ignacio Gilabert. Anschlie\u00dfend studierte er am \u201eConservatorio Profesional de M\u00fasica Joaqu\u00edn Turina\u201c bei David Mart\u00ednez Rinc\u00f3n und Carlos L\u00f3pez Villalta. Sp\u00e4ter wechselte er an das \u201eConservatorio Superior de M\u00fasica de Arag\u00f3n\u201c, um seine Studien bei Maestro Jord\u00e1n Tejedor fortzusetzen.<\/p>\n<p style=\"font-weight: 400;\">2018 gab er sein Deb\u00fct als Solist mit dem \u201eCSMA Philharmonic Orchestra\u201c mit Mozarts Violinkonzert Nr. 4. Im akademischen Jahr 2019-2020 schloss er ihr Hochschulstudium an der ESMAR mit der Bestnote ab. Derzeit war er Mitglied des \u201eJoven Orquesta de la Comunidad de Madrid\u201c, des \u201eOrquesta joven de Arag\u00f3n\u201c und trat mit \u201eThe World Orchestra\u201c unter der Leitung von Josep Vicent auf. Im Jahr 2018 nimmt er am Projekt \u201ePolonia Rediviva\u201c teil und spielt unter der Leitung von Andrzej Kosendiack an verschiedenen Orten in Breslau und Warschau.<\/p>\n<p style=\"font-weight: 400;\">Er hat bei gro\u00dfen Meistern wie Manuel Guill\u00e9n, Alfredo Garc\u00eda, Joaqu\u00edn Torre, Jes\u00fas Reina, Maciej Rakowsky, Florin Szigeti, Corrado Bolsi, David Rvinovich, Joaqu\u00edn Torre, Marta Guly\u00e1s, Frank van de Laar, Helena Basilova, Karlien Bartels, Lavard Skou-Larsen und dem Quiroga Quartett unterricht erhalten.<\/p>\n<p style=\"font-weight: 400;\">Derzeit studiert er am Artez-Konservatorium in Zwolle (Niederlande) bei Professorin Sarah Kapustin im Masterstudiengang Performance.<\/p>\t\t\t\t\t\t\t\t<\/div>\n\t\t\t\t<\/div>\n\t\t\t\t\t<\/div>\n\t\t<\/div>\n\t\t\t\t\t<\/div>\n\t\t<\/section>\n\t\t\t\t<section class=\"elementor-section elementor-top-section elementor-element elementor-element-4ff371be elementor-section-boxed elementor-section-height-default elementor-section-height-default\" data-id=\"4ff371be\" data-element_type=\"section\" data-e-type=\"section\">\n\t\t\t\t\t\t<div class=\"elementor-container elementor-column-gap-default\">\n\t\t\t\t\t<div class=\"elementor-column elementor-col-100 elementor-top-column elementor-element elementor-element-1b28c945\" data-id=\"1b28c945\" data-element_type=\"column\" data-e-type=\"column\">\n\t\t\t<div class=\"elementor-widget-wrap elementor-element-populated\">\n\t\t\t\t\t\t<div class=\"elementor-element elementor-element-7f22da71 elementor-align-center elementor-widget elementor-widget-button\" data-id=\"7f22da71\" data-element_type=\"widget\" data-e-type=\"widget\" data-widget_type=\"button.default\">\n\t\t\t\t<div class=\"elementor-widget-container\">\n\t\t\t\t\t\t\t\t\t<div class=\"elementor-button-wrapper\">\n\t\t\t\t\t<a class=\"elementor-button elementor-button-link elementor-size-lg\" href=\"https:\/\/cuartetoiberia.com\/wp-content\/uploads\/2025\/03\/CV_en-250313.pdf\" target=\"_blank\">\n\t\t\t\t\t\t<span class=\"elementor-button-content-wrapper\">\n\t\t\t\t\t\t\t\t\t<span class=\"elementor-button-text\">CV Das Quartett<\/span>\n\t\t\t\t\t<\/span>\n\t\t\t\t\t<\/a>\n\t\t\t\t<\/div>\n\t\t\t\t\t\t\t\t<\/div>\n\t\t\t\t<\/div>\n\t\t\t\t\t<\/div>\n\t\t<\/div>\n\t\t\t\t\t<\/div>\n\t\t<\/section>\n\t\t\t\t<\/div>\n\t\t","protected":false},"excerpt":{"rendered":"<p>Marta Pe\u00f1o Geige Cuarteto Iberia Mitglieder Arnold Rodr\u00edguez Violoncello Mario Oltra Viola Luis Rodr\u00edguez Geige Luis Rodr\u00edguez Lisbona (1995, Caracas, Venezuela) begann sein Musikstudium in Madrid bei Professor Ignacio Gilabert. Anschlie\u00dfend studierte er am \u201eConservatorio Profesional de M\u00fasica Joaqu\u00edn Turina\u201c bei David Mart\u00ednez Rinc\u00f3n und Carlos L\u00f3pez Villalta. Sp\u00e4ter wechselte er an das \u201eConservatorio Superior &#8230; <a title=\"Das Quartett \u2013 Luis Rodr\u00edguez\" class=\"read-more\" href=\"https:\/\/cuartetoiberia.com\/de\/das-quartett\/das-quartett-luis-rodriguez\/\" aria-label=\"Mehr Informationen \u00fcber Das Quartett \u2013 Luis Rodr\u00edguez\">Leer m\u00e1s<\/a><\/p>\n","protected":false},"author":1,"featured_media":0,"parent":2635,"menu_order":0,"comment_status":"closed","ping_status":"closed","template":"","meta":{"_acf_changed":false,"footnotes":""},"class_list":["post-2639","page","type-page","status-publish"],"acf":[],"publishpress_future_action":{"enabled":false,"date":"2026-04-26 09:40:01","action":"change-status","newStatus":"draft","terms":[],"taxonomy":"translation_priority"},"publishpress_future_workflow_manual_trigger":{"enabledWorkflows":[]},"_links":{"self":[{"href":"https:\/\/cuartetoiberia.com\/de\/wp-json\/wp\/v2\/pages\/2639","targetHints":{"allow":["GET"]}}],"collection":[{"href":"https:\/\/cuartetoiberia.com\/de\/wp-json\/wp\/v2\/pages"}],"about":[{"href":"https:\/\/cuartetoiberia.com\/de\/wp-json\/wp\/v2\/types\/page"}],"author":[{"embeddable":true,"href":"https:\/\/cuartetoiberia.com\/de\/wp-json\/wp\/v2\/users\/1"}],"replies":[{"embeddable":true,"href":"https:\/\/cuartetoiberia.com\/de\/wp-json\/wp\/v2\/comments?post=2639"}],"version-history":[{"count":5,"href":"https:\/\/cuartetoiberia.com\/de\/wp-json\/wp\/v2\/pages\/2639\/revisions"}],"predecessor-version":[{"id":4473,"href":"https:\/\/cuartetoiberia.com\/de\/wp-json\/wp\/v2\/pages\/2639\/revisions\/4473"}],"up":[{"embeddable":true,"href":"https:\/\/cuartetoiberia.com\/de\/wp-json\/wp\/v2\/pages\/2635"}],"wp:attachment":[{"href":"https:\/\/cuartetoiberia.com\/de\/wp-json\/wp\/v2\/media?parent=2639"}],"curies":[{"name":"wp","href":"https:\/\/api.w.org\/{rel}","templated":true}]}}