{"id":2637,"date":"2022-03-07T17:24:46","date_gmt":"2022-03-07T16:24:46","guid":{"rendered":"https:\/\/cuartetoiberia.com\/das-quartett\/das-quartett-marta-peno\/"},"modified":"2025-03-14T19:53:52","modified_gmt":"2025-03-14T18:53:52","slug":"das-quartett-marta-peno","status":"publish","type":"page","link":"https:\/\/cuartetoiberia.com\/de\/das-quartett\/das-quartett-marta-peno\/","title":{"rendered":"Das Quartett &#8211; Marta Pe\u00f1o"},"content":{"rendered":"\t\t<div data-elementor-type=\"wp-page\" data-elementor-id=\"2637\" class=\"elementor elementor-2637 elementor-402\" data-elementor-post-type=\"page\">\n\t\t\t\t\t\t<section class=\"elementor-section elementor-top-section elementor-element elementor-element-47169317 elementor-section-full_width elementor-section-stretched elementor-section-height-default elementor-section-height-default\" data-id=\"47169317\" data-element_type=\"section\" data-e-type=\"section\" data-settings=\"{&quot;stretch_section&quot;:&quot;section-stretched&quot;,&quot;background_background&quot;:&quot;classic&quot;}\">\n\t\t\t\t\t\t<div class=\"elementor-container elementor-column-gap-no\">\n\t\t\t\t\t<div class=\"elementor-column elementor-col-25 elementor-top-column elementor-element elementor-element-513c9194\" data-id=\"513c9194\" data-element_type=\"column\" data-e-type=\"column\" data-settings=\"{&quot;background_background&quot;:&quot;slideshow&quot;,&quot;background_slideshow_gallery&quot;:[],&quot;background_slideshow_loop&quot;:&quot;yes&quot;,&quot;background_slideshow_slide_duration&quot;:5000,&quot;background_slideshow_slide_transition&quot;:&quot;fade&quot;,&quot;background_slideshow_transition_duration&quot;:500}\">\n\t\t\t<div class=\"elementor-widget-wrap elementor-element-populated\">\n\t\t\t\t\t\t<div class=\"elementor-element elementor-element-622b4250 elementor-widget elementor-widget-heading\" data-id=\"622b4250\" data-element_type=\"widget\" data-e-type=\"widget\" data-widget_type=\"heading.default\">\n\t\t\t\t<div class=\"elementor-widget-container\">\n\t\t\t\t\t<p class=\"elementor-heading-title elementor-size-default\"><a href=\"https:\/\/cuartetoiberia.com\/de\/das-quartett\/\">Cuarteto Iberia<\/a><\/p>\t\t\t\t<\/div>\n\t\t\t\t<\/div>\n\t\t\t\t<div class=\"elementor-element elementor-element-47fa52de elementor-widget elementor-widget-heading\" data-id=\"47fa52de\" data-element_type=\"widget\" data-e-type=\"widget\" data-widget_type=\"heading.default\">\n\t\t\t\t<div class=\"elementor-widget-container\">\n\t\t\t\t\t<p class=\"elementor-heading-title elementor-size-default\">Mitglieder<\/p>\t\t\t\t<\/div>\n\t\t\t\t<\/div>\n\t\t\t\t\t<\/div>\n\t\t<\/div>\n\t\t\t\t<div class=\"elementor-column elementor-col-25 elementor-top-column elementor-element elementor-element-3dd6fcd6\" data-id=\"3dd6fcd6\" data-element_type=\"column\" data-e-type=\"column\">\n\t\t\t<div class=\"elementor-widget-wrap elementor-element-populated\">\n\t\t\t\t\t\t<div class=\"elementor-element elementor-element-53c2f168 elementor-widget elementor-widget-image\" data-id=\"53c2f168\" data-element_type=\"widget\" data-e-type=\"widget\" data-widget_type=\"image.default\">\n\t\t\t\t<div class=\"elementor-widget-container\">\n\t\t\t\t\t\t\t\t\t\t\t\t\t\t\t\t<a href=\"https:\/\/cuartetoiberia.com\/de\/das-quartett\/\">\n\t\t\t\t\t\t\t<img fetchpriority=\"high\" decoding=\"async\" width=\"1200\" height=\"1200\" src=\"https:\/\/cuartetoiberia.com\/wp-content\/uploads\/2025\/03\/componentes-cuarteto-iberia_mar25.webp\" class=\"attachment-full size-full wp-image-3867\" alt=\"\" srcset=\"https:\/\/cuartetoiberia.com\/wp-content\/uploads\/2025\/03\/componentes-cuarteto-iberia_mar25.webp 1200w, https:\/\/cuartetoiberia.com\/wp-content\/uploads\/2025\/03\/componentes-cuarteto-iberia_mar25-300x300.webp 300w, https:\/\/cuartetoiberia.com\/wp-content\/uploads\/2025\/03\/componentes-cuarteto-iberia_mar25-1024x1024.webp 1024w, https:\/\/cuartetoiberia.com\/wp-content\/uploads\/2025\/03\/componentes-cuarteto-iberia_mar25-150x150.webp 150w, https:\/\/cuartetoiberia.com\/wp-content\/uploads\/2025\/03\/componentes-cuarteto-iberia_mar25-768x768.webp 768w\" sizes=\"(max-width: 1200px) 100vw, 1200px\" \/>\t\t\t\t\t\t\t\t<\/a>\n\t\t\t\t\t\t\t\t\t\t\t\t\t\t\t<\/div>\n\t\t\t\t<\/div>\n\t\t\t\t\t<\/div>\n\t\t<\/div>\n\t\t\t\t<div class=\"elementor-column elementor-col-25 elementor-top-column elementor-element elementor-element-88aea1d\" data-id=\"88aea1d\" data-element_type=\"column\" data-e-type=\"column\">\n\t\t\t<div class=\"elementor-widget-wrap elementor-element-populated\">\n\t\t\t\t\t\t<div class=\"elementor-element elementor-element-686e4f4c elementor-widget elementor-widget-heading\" data-id=\"686e4f4c\" data-element_type=\"widget\" data-e-type=\"widget\" data-widget_type=\"heading.default\">\n\t\t\t\t<div class=\"elementor-widget-container\">\n\t\t\t\t\t<p class=\"elementor-heading-title elementor-size-default\"><a href=\"https:\/\/cuartetoiberia.com\/cuarteto\/luis-rodriguez\/#luisrodriguez\">Luis Rodr\u00edguez<\/a><\/p>\t\t\t\t<\/div>\n\t\t\t\t<\/div>\n\t\t\t\t<div class=\"elementor-element elementor-element-506e8759 elementor-widget elementor-widget-heading\" data-id=\"506e8759\" data-element_type=\"widget\" data-e-type=\"widget\" data-widget_type=\"heading.default\">\n\t\t\t\t<div class=\"elementor-widget-container\">\n\t\t\t\t\t<p class=\"elementor-heading-title elementor-size-default\">Geige<\/p>\t\t\t\t<\/div>\n\t\t\t\t<\/div>\n\t\t\t\t\t<\/div>\n\t\t<\/div>\n\t\t\t\t<div class=\"elementor-column elementor-col-25 elementor-top-column elementor-element elementor-element-624e78f2\" data-id=\"624e78f2\" data-element_type=\"column\" data-e-type=\"column\">\n\t\t\t<div class=\"elementor-widget-wrap elementor-element-populated\">\n\t\t\t\t\t\t<div class=\"elementor-element elementor-element-55d5beca elementor-widget elementor-widget-image\" data-id=\"55d5beca\" data-element_type=\"widget\" data-e-type=\"widget\" data-widget_type=\"image.default\">\n\t\t\t\t<div class=\"elementor-widget-container\">\n\t\t\t\t\t\t\t\t\t\t\t\t\t\t\t\t<a href=\"https:\/\/cuartetoiberia.com\/cuarteto\/luis-rodriguez\/#luisrodriguez\">\n\t\t\t\t\t\t\t<img decoding=\"async\" width=\"1200\" height=\"1200\" src=\"https:\/\/cuartetoiberia.com\/wp-content\/uploads\/2022\/03\/luis-rodriguez-cuarteto-iberia.jpg\" class=\"attachment-full size-full wp-image-1450\" alt=\"\" srcset=\"https:\/\/cuartetoiberia.com\/wp-content\/uploads\/2022\/03\/luis-rodriguez-cuarteto-iberia.jpg 1200w, https:\/\/cuartetoiberia.com\/wp-content\/uploads\/2022\/03\/luis-rodriguez-cuarteto-iberia-300x300.jpg 300w, https:\/\/cuartetoiberia.com\/wp-content\/uploads\/2022\/03\/luis-rodriguez-cuarteto-iberia-1024x1024.jpg 1024w, https:\/\/cuartetoiberia.com\/wp-content\/uploads\/2022\/03\/luis-rodriguez-cuarteto-iberia-150x150.jpg 150w, https:\/\/cuartetoiberia.com\/wp-content\/uploads\/2022\/03\/luis-rodriguez-cuarteto-iberia-768x768.jpg 768w\" sizes=\"(max-width: 1200px) 100vw, 1200px\" \/>\t\t\t\t\t\t\t\t<\/a>\n\t\t\t\t\t\t\t\t\t\t\t\t\t\t\t<\/div>\n\t\t\t\t<\/div>\n\t\t\t\t\t<\/div>\n\t\t<\/div>\n\t\t\t\t\t<\/div>\n\t\t<\/section>\n\t\t\t\t<section class=\"elementor-section elementor-top-section elementor-element elementor-element-1148fc52 elementor-section-full_width elementor-section-stretched elementor-reverse-mobile elementor-section-height-default elementor-section-height-default\" data-id=\"1148fc52\" data-element_type=\"section\" data-e-type=\"section\" data-settings=\"{&quot;stretch_section&quot;:&quot;section-stretched&quot;,&quot;background_background&quot;:&quot;classic&quot;}\">\n\t\t\t\t\t\t<div class=\"elementor-container elementor-column-gap-no\">\n\t\t\t\t\t<div class=\"elementor-column elementor-col-25 elementor-top-column elementor-element elementor-element-33ce6268\" data-id=\"33ce6268\" data-element_type=\"column\" data-e-type=\"column\" data-settings=\"{&quot;background_background&quot;:&quot;slideshow&quot;,&quot;background_slideshow_gallery&quot;:[],&quot;background_slideshow_loop&quot;:&quot;yes&quot;,&quot;background_slideshow_slide_duration&quot;:5000,&quot;background_slideshow_slide_transition&quot;:&quot;fade&quot;,&quot;background_slideshow_transition_duration&quot;:500}\">\n\t\t\t<div class=\"elementor-widget-wrap elementor-element-populated\">\n\t\t\t\t\t\t<div class=\"elementor-element elementor-element-18a4bf6a elementor-widget elementor-widget-image\" data-id=\"18a4bf6a\" data-element_type=\"widget\" data-e-type=\"widget\" data-widget_type=\"image.default\">\n\t\t\t\t<div class=\"elementor-widget-container\">\n\t\t\t\t\t\t\t\t\t\t\t\t\t\t\t\t<a href=\"https:\/\/cuartetoiberia.com\/cuarteto\/arnold-rodriguez\/#arnoldrodriguez\">\n\t\t\t\t\t\t\t<img decoding=\"async\" width=\"1200\" height=\"1200\" src=\"https:\/\/cuartetoiberia.com\/wp-content\/uploads\/2022\/03\/arnold-rodriguez-cuarteto-iberia.jpg\" class=\"attachment-full size-full wp-image-1448\" alt=\"\" srcset=\"https:\/\/cuartetoiberia.com\/wp-content\/uploads\/2022\/03\/arnold-rodriguez-cuarteto-iberia.jpg 1200w, https:\/\/cuartetoiberia.com\/wp-content\/uploads\/2022\/03\/arnold-rodriguez-cuarteto-iberia-300x300.jpg 300w, https:\/\/cuartetoiberia.com\/wp-content\/uploads\/2022\/03\/arnold-rodriguez-cuarteto-iberia-1024x1024.jpg 1024w, https:\/\/cuartetoiberia.com\/wp-content\/uploads\/2022\/03\/arnold-rodriguez-cuarteto-iberia-150x150.jpg 150w, https:\/\/cuartetoiberia.com\/wp-content\/uploads\/2022\/03\/arnold-rodriguez-cuarteto-iberia-768x768.jpg 768w\" sizes=\"(max-width: 1200px) 100vw, 1200px\" \/>\t\t\t\t\t\t\t\t<\/a>\n\t\t\t\t\t\t\t\t\t\t\t\t\t\t\t<\/div>\n\t\t\t\t<\/div>\n\t\t\t\t\t<\/div>\n\t\t<\/div>\n\t\t\t\t<div class=\"elementor-column elementor-col-25 elementor-top-column elementor-element elementor-element-3cbfae32\" data-id=\"3cbfae32\" data-element_type=\"column\" data-e-type=\"column\">\n\t\t\t<div class=\"elementor-widget-wrap elementor-element-populated\">\n\t\t\t\t\t\t<div class=\"elementor-element elementor-element-c20537 elementor-widget elementor-widget-heading\" data-id=\"c20537\" data-element_type=\"widget\" data-e-type=\"widget\" data-widget_type=\"heading.default\">\n\t\t\t\t<div class=\"elementor-widget-container\">\n\t\t\t\t\t<p class=\"elementor-heading-title elementor-size-default\"><a href=\"https:\/\/cuartetoiberia.com\/cuarteto\/arnold-rodriguez\/#arnoldrodriguez\">Arnold Rodr\u00edguez<\/a><\/p>\t\t\t\t<\/div>\n\t\t\t\t<\/div>\n\t\t\t\t<div class=\"elementor-element elementor-element-416d1c1f elementor-widget elementor-widget-heading\" data-id=\"416d1c1f\" data-element_type=\"widget\" data-e-type=\"widget\" data-widget_type=\"heading.default\">\n\t\t\t\t<div class=\"elementor-widget-container\">\n\t\t\t\t\t<p class=\"elementor-heading-title elementor-size-default\">Violoncello<\/p>\t\t\t\t<\/div>\n\t\t\t\t<\/div>\n\t\t\t\t\t<\/div>\n\t\t<\/div>\n\t\t\t\t<div class=\"elementor-column elementor-col-25 elementor-top-column elementor-element elementor-element-64df9cc2\" data-id=\"64df9cc2\" data-element_type=\"column\" data-e-type=\"column\">\n\t\t\t<div class=\"elementor-widget-wrap elementor-element-populated\">\n\t\t\t\t\t\t<div class=\"elementor-element elementor-element-25241204 elementor-widget elementor-widget-image\" data-id=\"25241204\" data-element_type=\"widget\" data-e-type=\"widget\" data-widget_type=\"image.default\">\n\t\t\t\t<div class=\"elementor-widget-container\">\n\t\t\t\t\t\t\t\t\t\t\t\t\t\t\t\t<a href=\"https:\/\/cuartetoiberia.com\/cuarteto\/aurora-rus\/#aurorarus\">\n\t\t\t\t\t\t\t<img loading=\"lazy\" decoding=\"async\" width=\"1200\" height=\"1200\" src=\"https:\/\/cuartetoiberia.com\/wp-content\/uploads\/2025\/03\/mario-oltra-cuarteto-iberia.webp\" class=\"attachment-full size-full wp-image-3848\" alt=\"\" srcset=\"https:\/\/cuartetoiberia.com\/wp-content\/uploads\/2025\/03\/mario-oltra-cuarteto-iberia.webp 1200w, https:\/\/cuartetoiberia.com\/wp-content\/uploads\/2025\/03\/mario-oltra-cuarteto-iberia-300x300.webp 300w, https:\/\/cuartetoiberia.com\/wp-content\/uploads\/2025\/03\/mario-oltra-cuarteto-iberia-1024x1024.webp 1024w, https:\/\/cuartetoiberia.com\/wp-content\/uploads\/2025\/03\/mario-oltra-cuarteto-iberia-150x150.webp 150w, https:\/\/cuartetoiberia.com\/wp-content\/uploads\/2025\/03\/mario-oltra-cuarteto-iberia-768x768.webp 768w\" sizes=\"(max-width: 1200px) 100vw, 1200px\" \/>\t\t\t\t\t\t\t\t<\/a>\n\t\t\t\t\t\t\t\t\t\t\t\t\t\t\t<\/div>\n\t\t\t\t<\/div>\n\t\t\t\t\t<\/div>\n\t\t<\/div>\n\t\t\t\t<div class=\"elementor-column elementor-col-25 elementor-top-column elementor-element elementor-element-126e7d06\" data-id=\"126e7d06\" data-element_type=\"column\" data-e-type=\"column\">\n\t\t\t<div class=\"elementor-widget-wrap elementor-element-populated\">\n\t\t\t\t\t\t<div class=\"elementor-element elementor-element-7df677cc elementor-widget elementor-widget-heading\" data-id=\"7df677cc\" data-element_type=\"widget\" data-e-type=\"widget\" data-widget_type=\"heading.default\">\n\t\t\t\t<div class=\"elementor-widget-container\">\n\t\t\t\t\t<p class=\"elementor-heading-title elementor-size-default\"><a href=\"https:\/\/cuartetoiberia.com\/cuarteto\/mario-oltra\/#mariooltra\">Mario Oltra<\/a><\/p>\t\t\t\t<\/div>\n\t\t\t\t<\/div>\n\t\t\t\t<div class=\"elementor-element elementor-element-c59b09f elementor-widget elementor-widget-heading\" data-id=\"c59b09f\" data-element_type=\"widget\" data-e-type=\"widget\" data-widget_type=\"heading.default\">\n\t\t\t\t<div class=\"elementor-widget-container\">\n\t\t\t\t\t<p class=\"elementor-heading-title elementor-size-default\">Viola<\/p>\t\t\t\t<\/div>\n\t\t\t\t<\/div>\n\t\t\t\t\t<\/div>\n\t\t<\/div>\n\t\t\t\t\t<\/div>\n\t\t<\/section>\n\t\t\t\t<section class=\"elementor-section elementor-top-section elementor-element elementor-element-2af61f9b elementor-section-boxed elementor-section-height-default elementor-section-height-default\" data-id=\"2af61f9b\" data-element_type=\"section\" data-e-type=\"section\" id=\"martape\u00f1o\">\n\t\t\t\t\t\t<div class=\"elementor-container elementor-column-gap-default\">\n\t\t\t\t\t<div class=\"elementor-column elementor-col-100 elementor-top-column elementor-element elementor-element-4db7d46a\" data-id=\"4db7d46a\" data-element_type=\"column\" data-e-type=\"column\">\n\t\t\t<div class=\"elementor-widget-wrap elementor-element-populated\">\n\t\t\t\t\t\t<div class=\"elementor-element elementor-element-62597ae7 elementor-widget elementor-widget-heading\" data-id=\"62597ae7\" data-element_type=\"widget\" data-e-type=\"widget\" data-widget_type=\"heading.default\">\n\t\t\t\t<div class=\"elementor-widget-container\">\n\t\t\t\t\t<h1 class=\"elementor-heading-title elementor-size-default\">Marta Pe\u00f1o<\/h1>\t\t\t\t<\/div>\n\t\t\t\t<\/div>\n\t\t\t\t<div class=\"elementor-element elementor-element-2759a8dd elementor-widget elementor-widget-text-editor\" data-id=\"2759a8dd\" data-element_type=\"widget\" data-e-type=\"widget\" data-widget_type=\"text-editor.default\">\n\t\t\t\t<div class=\"elementor-widget-container\">\n\t\t\t\t\t\t\t\t\t<p>Geige<\/p>\n\t\t\t\t\t\t\t\t<\/div>\n\t\t\t\t<\/div>\n\t\t\t\t<div class=\"elementor-element elementor-element-1eddf012 elementor-widget-divider--view-line elementor-widget elementor-widget-divider\" data-id=\"1eddf012\" data-element_type=\"widget\" data-e-type=\"widget\" data-widget_type=\"divider.default\">\n\t\t\t\t<div class=\"elementor-widget-container\">\n\t\t\t\t\t\t\t<div class=\"elementor-divider\">\n\t\t\t<span class=\"elementor-divider-separator\">\n\t\t\t\t\t\t<\/span>\n\t\t<\/div>\n\t\t\t\t\t\t<\/div>\n\t\t\t\t<\/div>\n\t\t\t\t<div class=\"elementor-element elementor-element-1ae1e756 elementor-widget elementor-widget-text-editor\" data-id=\"1ae1e756\" data-element_type=\"widget\" data-e-type=\"widget\" data-widget_type=\"text-editor.default\">\n\t\t\t\t<div class=\"elementor-widget-container\">\n\t\t\t\t\t\t\t\t\t<p style=\"font-weight: 400;\">Die 1994 in Madrid geborene Marta Pe\u00f1o begann ihre musikalische Ausbildung im Alter von vier Jahren bei Sergio Castro und setzte sie am Konservatorium &#8222;Adolfo Salazar&#8220; in Madrid bei Anna Baget fort, bei der sie die Fachklasse absolvierte und einen Preis mit besonderer Auszeichnung am Ende des professionellen Musikstudiums erhielt. Im Juni 2016 schloss sie den Abschluss seiner Hochschulbildung (Grado Superior) ab, nachdem sie vier Jahre lang am H\u00f6heren Musikzentrum des Baskenlandes (Musikene) unter der Leitung von Keiko Wataya Unterricht erhielt. Sie setzte seine musikalische Karriere an der Hochschule in Luzern (Schweiz) fort und studierte dort bei Daniel Dodds, einem Lehrer, bei dem sie einen Master-Abschluss Performance und eine zweite Master Solo Performance, die in einem Solokonzert im KKL Luzern zusammen mit dem Festival Strings Lucerne Orchestra gipfelt.\n\n\n \n\n\n\n\n\n<\/p>\n\n<p style=\"font-weight: 400;\">Seine Leidenschaft f\u00fcr die Kammermusik f\u00fchrt sie zu einer regen Konzertt\u00e4tigkeit, die sie zu Festivals und S\u00e4len in Spanien, \u00d6sterreich, der Schweiz, Deutschland und Italien f\u00fchrt, darunter das Lucerne Festival, die Sommerakademie in Salzburg, das Festival M\u00fasica Musika 2016 in Bilbao und die Fundaci\u00f3n Juan March in Madrid. Sie erhielt Kammermusik- und Orchesterkurse beim Quiroga Quartett, Rainer Schmidt (Hagen Quartett), Oliver Wille (Kuss Quartett), Benedicte Palko, Andoni Mercero, Lutz K\u00f6hler, Alberto Zedda, Helmut Lachenmann und Maurice Bourgue sowie individuelle Meisterkurse bei Mimi Zweig, Peter Brunt, Isabelle Van Keulen und Anton Steck.\n\n\n\n\n\n\n\n<\/p>\n\n<p style=\"font-weight: 400;\">Seit Anfang 2018 ist er Mitglied des Gustav Mahler Jugendorchesters, spielte im Auditorio Nacional de Madrid, Musikverein in Wien, Concertgebouw in Amsterdam und anderen europ\u00e4ischen S\u00e4len und lernte von Dirigenten wie Lorenzo Viotti oder Jonathan Nott. Er spielt auch regelm\u00e4ssig mit den Festival Strings Lucerne unter der Leitung ihres Konzertmeisters Daniel Dodds.\n\n\n \n<\/p>\n\t\t\t\t\t\t\t\t<\/div>\n\t\t\t\t<\/div>\n\t\t\t\t\t<\/div>\n\t\t<\/div>\n\t\t\t\t\t<\/div>\n\t\t<\/section>\n\t\t\t\t<section class=\"elementor-section elementor-top-section elementor-element elementor-element-678c937a elementor-section-boxed elementor-section-height-default elementor-section-height-default\" data-id=\"678c937a\" data-element_type=\"section\" data-e-type=\"section\">\n\t\t\t\t\t\t<div class=\"elementor-container elementor-column-gap-default\">\n\t\t\t\t\t<div class=\"elementor-column elementor-col-100 elementor-top-column elementor-element elementor-element-4766c4d2\" data-id=\"4766c4d2\" data-element_type=\"column\" data-e-type=\"column\">\n\t\t\t<div class=\"elementor-widget-wrap elementor-element-populated\">\n\t\t\t\t\t\t<div class=\"elementor-element elementor-element-fe5c394 elementor-align-center elementor-widget elementor-widget-button\" data-id=\"fe5c394\" data-element_type=\"widget\" data-e-type=\"widget\" data-widget_type=\"button.default\">\n\t\t\t\t<div class=\"elementor-widget-container\">\n\t\t\t\t\t\t\t\t\t<div class=\"elementor-button-wrapper\">\n\t\t\t\t\t<a class=\"elementor-button elementor-button-link elementor-size-lg\" href=\"https:\/\/cuartetoiberia.com\/wp-content\/uploads\/2025\/03\/CV_en-250313.pdf\" target=\"_blank\">\n\t\t\t\t\t\t<span class=\"elementor-button-content-wrapper\">\n\t\t\t\t\t\t\t\t\t<span class=\"elementor-button-text\">CV Das Quartett<\/span>\n\t\t\t\t\t<\/span>\n\t\t\t\t\t<\/a>\n\t\t\t\t<\/div>\n\t\t\t\t\t\t\t\t<\/div>\n\t\t\t\t<\/div>\n\t\t\t\t\t<\/div>\n\t\t<\/div>\n\t\t\t\t\t<\/div>\n\t\t<\/section>\n\t\t\t\t<\/div>\n\t\t","protected":false},"excerpt":{"rendered":"<p>Cuarteto Iberia Mitglieder Luis Rodr\u00edguez Geige Arnold Rodr\u00edguez Violoncello Mario Oltra Viola Marta Pe\u00f1o Geige Die 1994 in Madrid geborene Marta Pe\u00f1o begann ihre musikalische Ausbildung im Alter von vier Jahren bei Sergio Castro und setzte sie am Konservatorium &#8222;Adolfo Salazar&#8220; in Madrid bei Anna Baget fort, bei der sie die Fachklasse absolvierte und einen &#8230; <a title=\"Das Quartett &#8211; Marta Pe\u00f1o\" class=\"read-more\" href=\"https:\/\/cuartetoiberia.com\/de\/das-quartett\/das-quartett-marta-peno\/\" aria-label=\"Mehr Informationen \u00fcber Das Quartett &#8211; Marta Pe\u00f1o\">Leer m\u00e1s<\/a><\/p>\n","protected":false},"author":1,"featured_media":0,"parent":2635,"menu_order":0,"comment_status":"closed","ping_status":"closed","template":"","meta":{"_acf_changed":false,"footnotes":""},"class_list":["post-2637","page","type-page","status-publish"],"acf":[],"publishpress_future_action":{"enabled":false,"date":"2026-04-14 12:48:13","action":"change-status","newStatus":"draft","terms":[],"taxonomy":"translation_priority"},"publishpress_future_workflow_manual_trigger":{"enabledWorkflows":[]},"_links":{"self":[{"href":"https:\/\/cuartetoiberia.com\/de\/wp-json\/wp\/v2\/pages\/2637","targetHints":{"allow":["GET"]}}],"collection":[{"href":"https:\/\/cuartetoiberia.com\/de\/wp-json\/wp\/v2\/pages"}],"about":[{"href":"https:\/\/cuartetoiberia.com\/de\/wp-json\/wp\/v2\/types\/page"}],"author":[{"embeddable":true,"href":"https:\/\/cuartetoiberia.com\/de\/wp-json\/wp\/v2\/users\/1"}],"replies":[{"embeddable":true,"href":"https:\/\/cuartetoiberia.com\/de\/wp-json\/wp\/v2\/comments?post=2637"}],"version-history":[{"count":4,"href":"https:\/\/cuartetoiberia.com\/de\/wp-json\/wp\/v2\/pages\/2637\/revisions"}],"predecessor-version":[{"id":4154,"href":"https:\/\/cuartetoiberia.com\/de\/wp-json\/wp\/v2\/pages\/2637\/revisions\/4154"}],"up":[{"embeddable":true,"href":"https:\/\/cuartetoiberia.com\/de\/wp-json\/wp\/v2\/pages\/2635"}],"wp:attachment":[{"href":"https:\/\/cuartetoiberia.com\/de\/wp-json\/wp\/v2\/media?parent=2637"}],"curies":[{"name":"wp","href":"https:\/\/api.w.org\/{rel}","templated":true}]}}