{"id":2635,"date":"2022-03-07T15:37:40","date_gmt":"2022-03-07T14:37:40","guid":{"rendered":"https:\/\/cuartetoiberia.com\/das-quartett\/"},"modified":"2025-03-14T20:58:39","modified_gmt":"2025-03-14T19:58:39","slug":"das-quartett","status":"publish","type":"page","link":"https:\/\/cuartetoiberia.com\/de\/das-quartett\/","title":{"rendered":"Das Quartett"},"content":{"rendered":"\t\t<div data-elementor-type=\"wp-page\" data-elementor-id=\"2635\" class=\"elementor elementor-2635 elementor-321\" data-elementor-post-type=\"page\">\n\t\t\t\t\t\t<section class=\"elementor-section elementor-top-section elementor-element elementor-element-5eba382 elementor-section-full_width elementor-section-stretched elementor-section-height-default elementor-section-height-default\" data-id=\"5eba382\" data-element_type=\"section\" data-e-type=\"section\" data-settings=\"{&quot;stretch_section&quot;:&quot;section-stretched&quot;,&quot;background_background&quot;:&quot;classic&quot;}\">\n\t\t\t\t\t\t<div class=\"elementor-container elementor-column-gap-no\">\n\t\t\t\t\t<div class=\"elementor-column elementor-col-25 elementor-top-column elementor-element elementor-element-5f8c5c8\" data-id=\"5f8c5c8\" data-element_type=\"column\" data-e-type=\"column\" data-settings=\"{&quot;background_background&quot;:&quot;classic&quot;}\">\n\t\t\t<div class=\"elementor-widget-wrap elementor-element-populated\">\n\t\t\t\t\t\t<div class=\"elementor-element elementor-element-1fe8d1f elementor-widget elementor-widget-heading\" data-id=\"1fe8d1f\" data-element_type=\"widget\" data-e-type=\"widget\" data-widget_type=\"heading.default\">\n\t\t\t\t<div class=\"elementor-widget-container\">\n\t\t\t\t\t<p class=\"elementor-heading-title elementor-size-default\"><a href=\"https:\/\/cuartetoiberia.com\/de\/das-quartett\/das-quartett-marta-peno\/#martape\u00f1o\">Marta Pe\u00f1o<\/a><\/p>\t\t\t\t<\/div>\n\t\t\t\t<\/div>\n\t\t\t\t<div class=\"elementor-element elementor-element-3721f99 elementor-widget elementor-widget-heading\" data-id=\"3721f99\" data-element_type=\"widget\" data-e-type=\"widget\" data-widget_type=\"heading.default\">\n\t\t\t\t<div class=\"elementor-widget-container\">\n\t\t\t\t\t<p class=\"elementor-heading-title elementor-size-default\">Geige<\/p>\t\t\t\t<\/div>\n\t\t\t\t<\/div>\n\t\t\t\t\t<\/div>\n\t\t<\/div>\n\t\t\t\t<div class=\"elementor-column elementor-col-25 elementor-top-column elementor-element elementor-element-9850e13\" data-id=\"9850e13\" data-element_type=\"column\" data-e-type=\"column\">\n\t\t\t<div class=\"elementor-widget-wrap elementor-element-populated\">\n\t\t\t\t\t\t<div class=\"elementor-element elementor-element-0375764 elementor-widget elementor-widget-image\" data-id=\"0375764\" data-element_type=\"widget\" data-e-type=\"widget\" data-widget_type=\"image.default\">\n\t\t\t\t<div class=\"elementor-widget-container\">\n\t\t\t\t\t\t\t\t\t\t\t\t\t\t\t\t<a href=\"https:\/\/cuartetoiberia.com\/de\/das-quartett\/das-quartett-marta-peno\/#martape\u00f1o\">\n\t\t\t\t\t\t\t<img fetchpriority=\"high\" decoding=\"async\" width=\"1200\" height=\"1200\" src=\"https:\/\/cuartetoiberia.com\/wp-content\/uploads\/2022\/03\/marta-peno-cuarteto-iberia.jpg\" class=\"attachment-full size-full wp-image-1444\" alt=\"\" srcset=\"https:\/\/cuartetoiberia.com\/wp-content\/uploads\/2022\/03\/marta-peno-cuarteto-iberia.jpg 1200w, https:\/\/cuartetoiberia.com\/wp-content\/uploads\/2022\/03\/marta-peno-cuarteto-iberia-300x300.jpg 300w, https:\/\/cuartetoiberia.com\/wp-content\/uploads\/2022\/03\/marta-peno-cuarteto-iberia-1024x1024.jpg 1024w, https:\/\/cuartetoiberia.com\/wp-content\/uploads\/2022\/03\/marta-peno-cuarteto-iberia-150x150.jpg 150w, https:\/\/cuartetoiberia.com\/wp-content\/uploads\/2022\/03\/marta-peno-cuarteto-iberia-768x768.jpg 768w\" sizes=\"(max-width: 1200px) 100vw, 1200px\" \/>\t\t\t\t\t\t\t\t<\/a>\n\t\t\t\t\t\t\t\t\t\t\t\t\t\t\t<\/div>\n\t\t\t\t<\/div>\n\t\t\t\t\t<\/div>\n\t\t<\/div>\n\t\t\t\t<div class=\"elementor-column elementor-col-25 elementor-top-column elementor-element elementor-element-b70758e\" data-id=\"b70758e\" data-element_type=\"column\" data-e-type=\"column\">\n\t\t\t<div class=\"elementor-widget-wrap elementor-element-populated\">\n\t\t\t\t\t\t<div class=\"elementor-element elementor-element-24d4262 elementor-widget elementor-widget-heading\" data-id=\"24d4262\" data-element_type=\"widget\" data-e-type=\"widget\" data-widget_type=\"heading.default\">\n\t\t\t\t<div class=\"elementor-widget-container\">\n\t\t\t\t\t<p class=\"elementor-heading-title elementor-size-default\"><a href=\"https:\/\/cuartetoiberia.com\/de\/das-quartett\/das-quartett-luis-rodriguez\/#luisrodriguez\">Luis Rodr\u00edguez<\/a><\/p>\t\t\t\t<\/div>\n\t\t\t\t<\/div>\n\t\t\t\t<div class=\"elementor-element elementor-element-9b92bc9 elementor-widget elementor-widget-heading\" data-id=\"9b92bc9\" data-element_type=\"widget\" data-e-type=\"widget\" data-widget_type=\"heading.default\">\n\t\t\t\t<div class=\"elementor-widget-container\">\n\t\t\t\t\t<p class=\"elementor-heading-title elementor-size-default\">Geige<\/p>\t\t\t\t<\/div>\n\t\t\t\t<\/div>\n\t\t\t\t\t<\/div>\n\t\t<\/div>\n\t\t\t\t<div class=\"elementor-column elementor-col-25 elementor-top-column elementor-element elementor-element-e4ea939\" data-id=\"e4ea939\" data-element_type=\"column\" data-e-type=\"column\">\n\t\t\t<div class=\"elementor-widget-wrap elementor-element-populated\">\n\t\t\t\t\t\t<div class=\"elementor-element elementor-element-b73b98a elementor-widget elementor-widget-image\" data-id=\"b73b98a\" data-element_type=\"widget\" data-e-type=\"widget\" data-widget_type=\"image.default\">\n\t\t\t\t<div class=\"elementor-widget-container\">\n\t\t\t\t\t\t\t\t\t\t\t\t\t\t\t\t<a href=\"https:\/\/cuartetoiberia.com\/de\/das-quartett\/das-quartett-luis-rodriguez\/#luisrodriguez\">\n\t\t\t\t\t\t\t<img decoding=\"async\" width=\"1200\" height=\"1200\" src=\"https:\/\/cuartetoiberia.com\/wp-content\/uploads\/2022\/03\/luis-rodriguez-cuarteto-iberia.jpg\" class=\"attachment-full size-full wp-image-1450\" alt=\"\" srcset=\"https:\/\/cuartetoiberia.com\/wp-content\/uploads\/2022\/03\/luis-rodriguez-cuarteto-iberia.jpg 1200w, https:\/\/cuartetoiberia.com\/wp-content\/uploads\/2022\/03\/luis-rodriguez-cuarteto-iberia-300x300.jpg 300w, https:\/\/cuartetoiberia.com\/wp-content\/uploads\/2022\/03\/luis-rodriguez-cuarteto-iberia-1024x1024.jpg 1024w, https:\/\/cuartetoiberia.com\/wp-content\/uploads\/2022\/03\/luis-rodriguez-cuarteto-iberia-150x150.jpg 150w, https:\/\/cuartetoiberia.com\/wp-content\/uploads\/2022\/03\/luis-rodriguez-cuarteto-iberia-768x768.jpg 768w\" sizes=\"(max-width: 1200px) 100vw, 1200px\" \/>\t\t\t\t\t\t\t\t<\/a>\n\t\t\t\t\t\t\t\t\t\t\t\t\t\t\t<\/div>\n\t\t\t\t<\/div>\n\t\t\t\t\t<\/div>\n\t\t<\/div>\n\t\t\t\t\t<\/div>\n\t\t<\/section>\n\t\t\t\t<section class=\"elementor-section elementor-top-section elementor-element elementor-element-1379986 elementor-section-full_width elementor-section-stretched elementor-reverse-mobile elementor-section-height-default elementor-section-height-default\" data-id=\"1379986\" data-element_type=\"section\" data-e-type=\"section\" data-settings=\"{&quot;stretch_section&quot;:&quot;section-stretched&quot;,&quot;background_background&quot;:&quot;classic&quot;}\">\n\t\t\t\t\t\t<div class=\"elementor-container elementor-column-gap-no\">\n\t\t\t\t\t<div class=\"elementor-column elementor-col-25 elementor-top-column elementor-element elementor-element-8ccbf2b\" data-id=\"8ccbf2b\" data-element_type=\"column\" data-e-type=\"column\" data-settings=\"{&quot;background_background&quot;:&quot;slideshow&quot;,&quot;background_slideshow_gallery&quot;:[],&quot;background_slideshow_loop&quot;:&quot;yes&quot;,&quot;background_slideshow_slide_duration&quot;:5000,&quot;background_slideshow_slide_transition&quot;:&quot;fade&quot;,&quot;background_slideshow_transition_duration&quot;:500}\">\n\t\t\t<div class=\"elementor-widget-wrap elementor-element-populated\">\n\t\t\t\t\t\t<div class=\"elementor-element elementor-element-226bfbb elementor-widget elementor-widget-image\" data-id=\"226bfbb\" data-element_type=\"widget\" data-e-type=\"widget\" data-widget_type=\"image.default\">\n\t\t\t\t<div class=\"elementor-widget-container\">\n\t\t\t\t\t\t\t\t\t\t\t\t\t\t\t\t<a href=\"https:\/\/cuartetoiberia.com\/de\/das-quartett\/das-quarttett-arnold-rodriguez\/#arnoldrodriguez\">\n\t\t\t\t\t\t\t<img decoding=\"async\" width=\"1200\" height=\"1200\" src=\"https:\/\/cuartetoiberia.com\/wp-content\/uploads\/2022\/03\/arnold-rodriguez-cuarteto-iberia.jpg\" class=\"attachment-full size-full wp-image-1448\" alt=\"\" srcset=\"https:\/\/cuartetoiberia.com\/wp-content\/uploads\/2022\/03\/arnold-rodriguez-cuarteto-iberia.jpg 1200w, https:\/\/cuartetoiberia.com\/wp-content\/uploads\/2022\/03\/arnold-rodriguez-cuarteto-iberia-300x300.jpg 300w, https:\/\/cuartetoiberia.com\/wp-content\/uploads\/2022\/03\/arnold-rodriguez-cuarteto-iberia-1024x1024.jpg 1024w, https:\/\/cuartetoiberia.com\/wp-content\/uploads\/2022\/03\/arnold-rodriguez-cuarteto-iberia-150x150.jpg 150w, https:\/\/cuartetoiberia.com\/wp-content\/uploads\/2022\/03\/arnold-rodriguez-cuarteto-iberia-768x768.jpg 768w\" sizes=\"(max-width: 1200px) 100vw, 1200px\" \/>\t\t\t\t\t\t\t\t<\/a>\n\t\t\t\t\t\t\t\t\t\t\t\t\t\t\t<\/div>\n\t\t\t\t<\/div>\n\t\t\t\t\t<\/div>\n\t\t<\/div>\n\t\t\t\t<div class=\"elementor-column elementor-col-25 elementor-top-column elementor-element elementor-element-9064ab9\" data-id=\"9064ab9\" data-element_type=\"column\" data-e-type=\"column\">\n\t\t\t<div class=\"elementor-widget-wrap elementor-element-populated\">\n\t\t\t\t\t\t<div class=\"elementor-element elementor-element-d14e9df elementor-widget elementor-widget-heading\" data-id=\"d14e9df\" data-element_type=\"widget\" data-e-type=\"widget\" data-widget_type=\"heading.default\">\n\t\t\t\t<div class=\"elementor-widget-container\">\n\t\t\t\t\t<p class=\"elementor-heading-title elementor-size-default\"><a href=\"https:\/\/cuartetoiberia.com\/de\/das-quartett\/das-quarttett-arnold-rodriguez\/#arnoldrodriguez\">Arnold Rodr\u00edguez<\/a><\/p>\t\t\t\t<\/div>\n\t\t\t\t<\/div>\n\t\t\t\t<div class=\"elementor-element elementor-element-ed0f014 elementor-widget elementor-widget-heading\" data-id=\"ed0f014\" data-element_type=\"widget\" data-e-type=\"widget\" data-widget_type=\"heading.default\">\n\t\t\t\t<div class=\"elementor-widget-container\">\n\t\t\t\t\t<p class=\"elementor-heading-title elementor-size-default\">Violoncello<\/p>\t\t\t\t<\/div>\n\t\t\t\t<\/div>\n\t\t\t\t\t<\/div>\n\t\t<\/div>\n\t\t\t\t<div class=\"elementor-column elementor-col-25 elementor-top-column elementor-element elementor-element-7725099\" data-id=\"7725099\" data-element_type=\"column\" data-e-type=\"column\">\n\t\t\t<div class=\"elementor-widget-wrap elementor-element-populated\">\n\t\t\t\t\t\t<div class=\"elementor-element elementor-element-2a464fc elementor-widget elementor-widget-image\" data-id=\"2a464fc\" data-element_type=\"widget\" data-e-type=\"widget\" data-widget_type=\"image.default\">\n\t\t\t\t<div class=\"elementor-widget-container\">\n\t\t\t\t\t\t\t\t\t\t\t\t\t\t\t\t<a href=\"\/cuarteto\/aurora-rus\/#aurorarus\">\n\t\t\t\t\t\t\t<img loading=\"lazy\" decoding=\"async\" width=\"1200\" height=\"1200\" src=\"https:\/\/cuartetoiberia.com\/wp-content\/uploads\/2025\/03\/mario-oltra-cuarteto-iberia.webp\" class=\"attachment-full size-full wp-image-3848\" alt=\"\" srcset=\"https:\/\/cuartetoiberia.com\/wp-content\/uploads\/2025\/03\/mario-oltra-cuarteto-iberia.webp 1200w, https:\/\/cuartetoiberia.com\/wp-content\/uploads\/2025\/03\/mario-oltra-cuarteto-iberia-300x300.webp 300w, https:\/\/cuartetoiberia.com\/wp-content\/uploads\/2025\/03\/mario-oltra-cuarteto-iberia-1024x1024.webp 1024w, https:\/\/cuartetoiberia.com\/wp-content\/uploads\/2025\/03\/mario-oltra-cuarteto-iberia-150x150.webp 150w, https:\/\/cuartetoiberia.com\/wp-content\/uploads\/2025\/03\/mario-oltra-cuarteto-iberia-768x768.webp 768w\" sizes=\"(max-width: 1200px) 100vw, 1200px\" \/>\t\t\t\t\t\t\t\t<\/a>\n\t\t\t\t\t\t\t\t\t\t\t\t\t\t\t<\/div>\n\t\t\t\t<\/div>\n\t\t\t\t\t<\/div>\n\t\t<\/div>\n\t\t\t\t<div class=\"elementor-column elementor-col-25 elementor-top-column elementor-element elementor-element-61dd047\" data-id=\"61dd047\" data-element_type=\"column\" data-e-type=\"column\">\n\t\t\t<div class=\"elementor-widget-wrap elementor-element-populated\">\n\t\t\t\t\t\t<div class=\"elementor-element elementor-element-05fbed3 elementor-widget elementor-widget-heading\" data-id=\"05fbed3\" data-element_type=\"widget\" data-e-type=\"widget\" data-widget_type=\"heading.default\">\n\t\t\t\t<div class=\"elementor-widget-container\">\n\t\t\t\t\t<p class=\"elementor-heading-title elementor-size-default\"><a href=\"https:\/\/cuartetoiberia.com\/de\/das-quartett\/das-quarttett-mario-oltra\/#mariooltra\">Mario Oltra<\/a><\/p>\t\t\t\t<\/div>\n\t\t\t\t<\/div>\n\t\t\t\t<div class=\"elementor-element elementor-element-5b6041a elementor-widget elementor-widget-heading\" data-id=\"5b6041a\" data-element_type=\"widget\" data-e-type=\"widget\" data-widget_type=\"heading.default\">\n\t\t\t\t<div class=\"elementor-widget-container\">\n\t\t\t\t\t<p class=\"elementor-heading-title elementor-size-default\">Viola<\/p>\t\t\t\t<\/div>\n\t\t\t\t<\/div>\n\t\t\t\t\t<\/div>\n\t\t<\/div>\n\t\t\t\t\t<\/div>\n\t\t<\/section>\n\t\t\t\t<section class=\"elementor-section elementor-top-section elementor-element elementor-element-83baa00 elementor-section-boxed elementor-section-height-default elementor-section-height-default\" data-id=\"83baa00\" data-element_type=\"section\" data-e-type=\"section\">\n\t\t\t\t\t\t<div class=\"elementor-container elementor-column-gap-default\">\n\t\t\t\t\t<div class=\"elementor-column elementor-col-100 elementor-top-column elementor-element elementor-element-ae56ecd\" data-id=\"ae56ecd\" data-element_type=\"column\" data-e-type=\"column\">\n\t\t\t<div class=\"elementor-widget-wrap elementor-element-populated\">\n\t\t\t\t\t\t<div class=\"elementor-element elementor-element-c8796bb elementor-widget elementor-widget-heading\" data-id=\"c8796bb\" data-element_type=\"widget\" data-e-type=\"widget\" data-widget_type=\"heading.default\">\n\t\t\t\t<div class=\"elementor-widget-container\">\n\t\t\t\t\t<h1 class=\"elementor-heading-title elementor-size-default\">Cuarteto Iberia<\/h1>\t\t\t\t<\/div>\n\t\t\t\t<\/div>\n\t\t\t\t<div class=\"elementor-element elementor-element-09f14f2 elementor-widget elementor-widget-text-editor\" data-id=\"09f14f2\" data-element_type=\"widget\" data-e-type=\"widget\" data-widget_type=\"text-editor.default\">\n\t\t\t\t<div class=\"elementor-widget-container\">\n\t\t\t\t\t\t\t\t\tMarta Pe\u00f1o (Geige), Luis Rodr\u00edguez (Geige)\t\t\t\t\t\t\t\t<\/div>\n\t\t\t\t<\/div>\n\t\t\t\t<div class=\"elementor-element elementor-element-bf7999b elementor-widget elementor-widget-text-editor\" data-id=\"bf7999b\" data-element_type=\"widget\" data-e-type=\"widget\" data-widget_type=\"text-editor.default\">\n\t\t\t\t<div class=\"elementor-widget-container\">\n\t\t\t\t\t\t\t\t\tMario Oltra (viola), Arnold Rodr\u00edguez (violoncello)\t\t\t\t\t\t\t\t<\/div>\n\t\t\t\t<\/div>\n\t\t\t\t<div class=\"elementor-element elementor-element-ab21f07 elementor-widget-divider--view-line elementor-widget elementor-widget-divider\" data-id=\"ab21f07\" data-element_type=\"widget\" data-e-type=\"widget\" data-widget_type=\"divider.default\">\n\t\t\t\t<div class=\"elementor-widget-container\">\n\t\t\t\t\t\t\t<div class=\"elementor-divider\">\n\t\t\t<span class=\"elementor-divider-separator\">\n\t\t\t\t\t\t<\/span>\n\t\t<\/div>\n\t\t\t\t\t\t<\/div>\n\t\t\t\t<\/div>\n\t\t\t\t<div class=\"elementor-element elementor-element-afa8b30 elementor-widget elementor-widget-text-editor\" data-id=\"afa8b30\" data-element_type=\"widget\" data-e-type=\"widget\" data-widget_type=\"text-editor.default\">\n\t\t\t\t<div class=\"elementor-widget-container\">\n\t\t\t\t\t\t\t\t\t<p>Das <strong>Cuarteto Iberia<\/strong> wurde 2018 in Madrid gegr\u00fcndet. Seit seiner Gr\u00fcndung pflegt das Quartett die Quartetttradition seiner Meister und bringt eine neue Sichtweise in die Interpretation der gro\u00dfen Werke des Genres ein.  Das individuelle Bed\u00fcrfnis jedes einzelnen Mitglieds, sich in die f\u00fcr Streichquartett geschriebenen Werke zu vertiefen, hat sie schon in jungen Jahren dazu veranlasst, sich zusammenzutun und diese Gruppe zu gr\u00fcnden, die das Maximum ihres k\u00fcnstlerischen Ausdrucks darstellt und mit der sie es schaffen, eine au\u00dfergew\u00f6hnliche musikalische Atmosph\u00e4re zu erreichen.<\/p><p>Im Juni 2021 erreichen sie einen Studienplatz am Lehrstuhl f\u00fcr Streichquartett an der Universit\u00e4t Mozarteum Salzburg bei Uni. Prof. Cibr\u00e1n Sierra (Quiroga-Quartett).<\/p><p>Au\u00dferdem erhielten sie Meisterkurse bei Valentin Erben und Isabel Charisius (Alban Berg Quartett), Heime M\u00fcller (Artemis Quartett), Paul Watkins (Emerson String Quartet), Jana Kuss, William Coleman und Mikayel Hakhnazaryan (Kuss Quartett), Frank Reinecke und Stefan Fehlandt (Vogler Quartett), Simone Gramaglia (Quartetto di Cremona), Helena Poggio (Quarteto Quiroga), Carole Petitdemange (Quatuor Ardeo), Leonhard Roczek (Minetti Quartett), Alasdair Tait (Belcea Quartet) und Andr\u00e9 J. Roy.<\/p><p>Erw\u00e4hnenswert ist auch seine Teilnahme an internationalen Festivals in St\u00e4dten wie Salzburg, W\u00fcrzburg, Weikersheim, Paris, Montreal, Venedig, Mailand und Lucca. Landesweit in Madrid, Barcelona, Granada, Burgos, Le\u00f3n und Santander.<\/p><p>Das Cuarteto Iberia ist Mitglied mehrerer europ\u00e4ischer Quartett-Institutionen wie ECMA, Le Dimore del Quartetto und ProQuartet. Es ist eines der 38 Quartette, die im europ\u00e4ischen MERITA-Projekt ausgew\u00e4hlt wurden. Im Gegenzug leisten sie auch p\u00e4dagogische Arbeit und geben Kurse und Kurse f\u00fcr junge Musiker und Gruppen.<\/p><p>Sie erhielten den ersten Preis beim 26. Josep Mirabent i Magrans Kammermusikwettbewerb in Katalonien, den zweiten Preis beim 19. Internationalen Arnuero Kammermusikwettbewerb und eine lobende Erw\u00e4hnung beim Zukunftsklang Award 2022 Stuttgart.<\/p><p>Seit Anfang 2022 ist das Cuarteto Iberia Quartett-in-Residence am Museo L\u00e1zaro Galdiano in Madrid und Mitglied der 1918 gegr\u00fcndeten Real Sociedad Men\u00e9ndez Pelayo. Sie spielen mit modernen Instrumenten aus Cremona (Pascal Hornung, Diego Taje und Martin Gabbani) und eine unbekannte Geige aus dem 18. Jahrhundert aus Mittelwald.<\/p><p>Eine der gro\u00dfen Qualit\u00e4ten des Quartetts ist seine Vielseitigkeit, mit der es sich der Musik sehr unterschiedlicher Komponisten annimmt und Projekte schafft, die auf der Erforschung und dem Studium der Werke von Komponisten aus verschiedenen Epochen und Stilen basieren.<\/p>\t\t\t\t\t\t\t\t<\/div>\n\t\t\t\t<\/div>\n\t\t\t\t\t<\/div>\n\t\t<\/div>\n\t\t\t\t\t<\/div>\n\t\t<\/section>\n\t\t\t\t<section class=\"elementor-section elementor-top-section elementor-element elementor-element-8e5f12e elementor-section-boxed elementor-section-height-default elementor-section-height-default\" data-id=\"8e5f12e\" data-element_type=\"section\" data-e-type=\"section\">\n\t\t\t\t\t\t<div class=\"elementor-container elementor-column-gap-default\">\n\t\t\t\t\t<div class=\"elementor-column elementor-col-100 elementor-top-column elementor-element elementor-element-1742958\" data-id=\"1742958\" data-element_type=\"column\" data-e-type=\"column\">\n\t\t\t<div class=\"elementor-widget-wrap elementor-element-populated\">\n\t\t\t\t\t\t<div class=\"elementor-element elementor-element-d06534e elementor-align-center elementor-widget elementor-widget-button\" data-id=\"d06534e\" data-element_type=\"widget\" data-e-type=\"widget\" data-widget_type=\"button.default\">\n\t\t\t\t<div class=\"elementor-widget-container\">\n\t\t\t\t\t\t\t\t\t<div class=\"elementor-button-wrapper\">\n\t\t\t\t\t<a class=\"elementor-button elementor-button-link elementor-size-lg\" href=\"https:\/\/cuartetoiberia.com\/wp-content\/uploads\/2025\/03\/CV_es-250313.pdf\" target=\"_blank\">\n\t\t\t\t\t\t<span class=\"elementor-button-content-wrapper\">\n\t\t\t\t\t\t\t\t\t<span class=\"elementor-button-text\">CV Das Quartett<\/span>\n\t\t\t\t\t<\/span>\n\t\t\t\t\t<\/a>\n\t\t\t\t<\/div>\n\t\t\t\t\t\t\t\t<\/div>\n\t\t\t\t<\/div>\n\t\t\t\t\t<\/div>\n\t\t<\/div>\n\t\t\t\t\t<\/div>\n\t\t<\/section>\n\t\t\t\t<section class=\"elementor-section elementor-top-section elementor-element elementor-element-78f78c3 elementor-section-boxed elementor-section-height-default elementor-section-height-default\" data-id=\"78f78c3\" data-element_type=\"section\" data-e-type=\"section\">\n\t\t\t\t\t\t<div class=\"elementor-container elementor-column-gap-default\">\n\t\t\t\t\t<div class=\"elementor-column elementor-col-100 elementor-top-column elementor-element elementor-element-d923421\" data-id=\"d923421\" data-element_type=\"column\" data-e-type=\"column\">\n\t\t\t<div class=\"elementor-widget-wrap elementor-element-populated\">\n\t\t\t\t\t\t<div class=\"elementor-element elementor-element-5a2c73f elementor-widget elementor-widget-spacer\" data-id=\"5a2c73f\" data-element_type=\"widget\" data-e-type=\"widget\" data-widget_type=\"spacer.default\">\n\t\t\t\t<div class=\"elementor-widget-container\">\n\t\t\t\t\t\t\t<div class=\"elementor-spacer\">\n\t\t\t<div class=\"elementor-spacer-inner\"><\/div>\n\t\t<\/div>\n\t\t\t\t\t\t<\/div>\n\t\t\t\t<\/div>\n\t\t\t\t\t<\/div>\n\t\t<\/div>\n\t\t\t\t\t<\/div>\n\t\t<\/section>\n\t\t\t\t<\/div>\n\t\t","protected":false},"excerpt":{"rendered":"<p>Marta Pe\u00f1o Geige Luis Rodr\u00edguez Geige Arnold Rodr\u00edguez Violoncello Mario Oltra Viola Cuarteto Iberia Marta Pe\u00f1o (Geige), Luis Rodr\u00edguez (Geige)Mario Oltra (viola), Arnold Rodr\u00edguez (violoncello) Das Cuarteto Iberia wurde 2018 in Madrid gegr\u00fcndet. Seit seiner Gr\u00fcndung pflegt das Quartett die Quartetttradition seiner Meister und bringt eine neue Sichtweise in die Interpretation der gro\u00dfen Werke des &#8230; <a title=\"Das Quartett\" class=\"read-more\" href=\"https:\/\/cuartetoiberia.com\/de\/das-quartett\/\" aria-label=\"Mehr Informationen \u00fcber Das Quartett\">Leer m\u00e1s<\/a><\/p>\n","protected":false},"author":1,"featured_media":0,"parent":0,"menu_order":0,"comment_status":"closed","ping_status":"closed","template":"","meta":{"_acf_changed":false,"footnotes":""},"class_list":["post-2635","page","type-page","status-publish"],"acf":[],"publishpress_future_action":{"enabled":false,"date":"2026-04-14 11:19:35","action":"change-status","newStatus":"draft","terms":[],"taxonomy":"translation_priority"},"publishpress_future_workflow_manual_trigger":{"enabledWorkflows":[]},"_links":{"self":[{"href":"https:\/\/cuartetoiberia.com\/de\/wp-json\/wp\/v2\/pages\/2635","targetHints":{"allow":["GET"]}}],"collection":[{"href":"https:\/\/cuartetoiberia.com\/de\/wp-json\/wp\/v2\/pages"}],"about":[{"href":"https:\/\/cuartetoiberia.com\/de\/wp-json\/wp\/v2\/types\/page"}],"author":[{"embeddable":true,"href":"https:\/\/cuartetoiberia.com\/de\/wp-json\/wp\/v2\/users\/1"}],"replies":[{"embeddable":true,"href":"https:\/\/cuartetoiberia.com\/de\/wp-json\/wp\/v2\/comments?post=2635"}],"version-history":[{"count":5,"href":"https:\/\/cuartetoiberia.com\/de\/wp-json\/wp\/v2\/pages\/2635\/revisions"}],"predecessor-version":[{"id":4238,"href":"https:\/\/cuartetoiberia.com\/de\/wp-json\/wp\/v2\/pages\/2635\/revisions\/4238"}],"wp:attachment":[{"href":"https:\/\/cuartetoiberia.com\/de\/wp-json\/wp\/v2\/media?parent=2635"}],"curies":[{"name":"wp","href":"https:\/\/api.w.org\/{rel}","templated":true}]}}